{"id":4407,"date":"2025-02-13T09:20:53","date_gmt":"2025-02-13T09:20:53","guid":{"rendered":"https:\/\/xalarexperiences.com\/politica-de-cookies\/"},"modified":"2025-03-04T17:52:24","modified_gmt":"2025-03-04T17:52:24","slug":"politica-de-cookies","status":"publish","type":"page","link":"https:\/\/xalarexperiences.com\/es\/politica-de-cookies\/","title":{"rendered":"Pol\u00edtica de cookies"},"content":{"rendered":"\t\t<div data-elementor-type=\"wp-page\" data-elementor-id=\"4407\" class=\"elementor elementor-4407 elementor-3079\" data-elementor-post-type=\"page\">\n\t\t\t\t<div class=\"elementor-element elementor-element-c9591b5 e-flex e-con-boxed e-con e-parent\" data-id=\"c9591b5\" data-element_type=\"container\" data-e-type=\"container\" data-settings=\"{&quot;background_background&quot;:&quot;classic&quot;}\">\n\t\t\t\t\t<div class=\"e-con-inner\">\n\t\t\t\t<div class=\"elementor-element elementor-element-7102982 elementor-widget elementor-widget-heading\" data-id=\"7102982\" data-element_type=\"widget\" data-e-type=\"widget\" data-widget_type=\"heading.default\">\n\t\t\t\t<div class=\"elementor-widget-container\">\n\t\t\t\t\t<h2 class=\"elementor-heading-title elementor-size-default\">Pol\u00edtica de Cookies<\/h2>\t\t\t\t<\/div>\n\t\t\t\t<\/div>\n\t\t\t\t<div class=\"elementor-element elementor-element-0519e40 elementor-widget elementor-widget-text-editor\" data-id=\"0519e40\" data-element_type=\"widget\" data-e-type=\"widget\" data-widget_type=\"text-editor.default\">\n\t\t\t\t<div class=\"elementor-widget-container\">\n\t\t\t\t\t\t\t\t\t<div class=\"elementor-element elementor-element-6a80c30 elementor-widget elementor-widget-heading\" data-id=\"6a80c30\" data-element_type=\"widget\" data-widget_type=\"heading.default\"><div class=\"elementor-widget-container\"><div class=\"elementor-element elementor-element-95519f6 elementor-widget elementor-widget-heading\" data-id=\"95519f6\" data-element_type=\"widget\" data-widget_type=\"heading.default\"><div class=\"elementor-widget-container\"><p>El acceso a este sitio web puede implicar la utilizaci\u00f3n de cookies. Las cookies son peque\u00f1as cantidades de informaci\u00f3n que se almacenan en el navegador utilizado por cada Usuario \u2014en los distintos dispositivos que pueda utilizar para navegar\u2014 para que el servidor recuerde cierta informaci\u00f3n que posteriormente y \u00fanicamente el servidor que la implement\u00f3 leer\u00e1. Las cookies facilitan la navegaci\u00f3n, la hacen m\u00e1s amigable y no da\u00f1an el dispositivo de navegaci\u00f3n.<\/p><p>Las cookies son procedimientos autom\u00e1ticos de recogida de informaci\u00f3n relativa a las preferencias determinadas por el Usuario durante su visita al sitio web con la finalidad de reconocerlo como Usuario, personalizar su experiencia y el uso del sitio web, y pueden tambi\u00e9n, por ejemplo, ayudar a identificar y resolver errores.<\/p><p>La informaci\u00f3n recogida a trav\u00e9s de las cookies puede incluir la fecha y hora de visitas al sitio web, las p\u00e1ginas visualizadas, el tiempo que ha estado en el sitio web y los sitios visitados justo antes y despu\u00e9s del mismo. Sin embargo, ninguna cookie permite que esta misma pueda contactarse con el n\u00famero de tel\u00e9fono del Usuario o con cualquier otro medio de contacto personal. Ninguna cookie puede extraer informaci\u00f3n del disco duro del Usuario ni robar informaci\u00f3n personal. La \u00fanica manera que la informaci\u00f3n privada del Usuario forme parte del archivo Cookie es que el Usuario d\u00e9 personalmente esta informaci\u00f3n al servidor.<\/p><p>Las cookies que permiten identificar a una persona se consideran datos personales. Por tanto, a estas les ser\u00e1 de aplicaci\u00f3n la Pol\u00edtica de Privacidad descrita anteriormente. En este sentido, para la utilizaci\u00f3n de estas ser\u00e1 necesario el consentimiento del Usuario. Este consentimiento ser\u00e1 comunicado, en base a una elecci\u00f3n aut\u00e9ntica, ofrecido mediante una decisi\u00f3n afirmativa y positiva, antes del tratamiento inicial, revocable y documentado.<\/p><h3>Cookies propias<\/h3><p>Son aquellas cookies que son enviadas al ordenador o dispositivo del Usuario y gestionadas exclusivamente por Xalar Experiences para el mejor funcionamiento del sitio web. La informaci\u00f3n que se recoge se utiliza para mejorar la calidad del sitio web y su contenido y la experiencia como Usuario. Estas cookies permiten reconocer al Usuario como visitante recurrente del sitio web y adaptar el contenido para ofrecerle contenidos que se ajusten a sus preferencias.<\/p><h3>Cookies de redes sociales<\/h3><p>Xalar Experiences incorpora plugins de redes sociales, que permiten acceder a ellas desde el sitio web. Por esta raz\u00f3n, las cookies de redes sociales pueden almacenarse en el navegador del Usuario. Los titulares de estas redes sociales disponen de sus propias pol\u00edticas de protecci\u00f3n de datos y de cookies, siendo ellos mismos, en cada caso, responsables de sus propios archivos y de sus propias pr\u00e1cticas de privacidad. El Usuario debe referirse a estas para informarse sobre estas cookies y, en su caso, del tratamiento de sus datos personales. Solo a t\u00edtulo informativo se indican a continuaci\u00f3n los enlaces donde se pueden consultar estas pol\u00edticas de privacidad y\/o de cookies:<\/p><ul><li><p><strong>Facebook<\/strong>:\u00a0<a href=\"https:\/\/www.facebook.com\/policies\/cookies\/\" target=\"_blank\" rel=\"noopener noreferrer\">https:\/\/www.facebook.com\/policies\/cookies\/<\/a><\/p><\/li><li><p><strong>Twitter<\/strong>:\u00a0<a href=\"https:\/\/twitter.com\/es\/privacy\" target=\"_blank\" rel=\"noopener noreferrer\">https:\/\/twitter.com\/es\/privacy<\/a><\/p><\/li><li><p><strong>Instagram<\/strong>:\u00a0<a href=\"https:\/\/help.instagram.com\/1896641480634370?ref=ig\" target=\"_blank\" rel=\"noopener noreferrer\">https:\/\/help.instagram.com\/1896641480634370?ref=ig<\/a><\/p><\/li><li><p><strong>YouTube<\/strong>:\u00a0<a href=\"https:\/\/policies.google.com\/privacy?hl=es-419&amp;gl=mx\" target=\"_blank\" rel=\"noopener noreferrer\">https:\/\/policies.google.com\/privacy?hl=es-419&amp;gl=mx<\/a><\/p><\/li><li><p><strong>Pinterest<\/strong>:\u00a0<a href=\"https:\/\/policy.pinterest.com\/es\/privacy-policy\" target=\"_blank\" rel=\"noopener noreferrer\">https:\/\/policy.pinterest.com\/es\/privacy-policy<\/a><\/p><\/li><li><p><strong>LinkedIn<\/strong>:\u00a0<a href=\"https:\/\/www.linkedin.com\/legal\/cookie-policy?trk=hp-cookies\" target=\"_blank\" rel=\"noopener noreferrer\">https:\/\/www.linkedin.com\/legal\/cookie-policy?trk=hp-cookies<\/a><\/p><\/li><\/ul><h3>Deshabilitar, rechazar y eliminar cookies<\/h3><p>El Usuario puede deshabilitar, rechazar y eliminar las cookies \u2014total o parcialmente\u2014 instaladas en su dispositivo mediante la configuraci\u00f3n del navegador (entre los cuales se encuentran, por ejemplo, Chrome, Firefox, Safari, Explorer). En este sentido, los procedimientos para rechazar y eliminar las cookies pueden diferir de un navegador de Internet a otro. En consecuencia, el Usuario debe acudir a las instrucciones facilitadas por el propio navegador de Internet que est\u00e9 utilizando. En el caso que rechace el uso de cookies \u2014total o parcialmente\u2014 podr\u00e1 continuar utilizando el sitio web, si bien podr\u00e1 tener limitada la utilizaci\u00f3n de algunas de las funcionalidades del mismo.<\/p><p>Este documento de Pol\u00edtica de Cookies ha sido creado mediante el generador de plantilla de pol\u00edtica de cookies web gratis online el d\u00eda 13\/02\/2025.<\/p><\/div><\/div><\/div><\/div>\t\t\t\t\t\t\t\t<\/div>\n\t\t\t\t<\/div>\n\t\t\t\t\t<\/div>\n\t\t\t\t<\/div>\n\t\t\t\t<\/div>\n\t\t","protected":false},"excerpt":{"rendered":"<p>Pol\u00edtica de Cookies El acceso a este sitio web puede implicar la utilizaci\u00f3n de cookies. Las cookies son peque\u00f1as cantidades de informaci\u00f3n que se almacenan en el navegador utilizado por cada Usuario \u2014en los distintos dispositivos que pueda utilizar para navegar\u2014 para que el servidor recuerde cierta informaci\u00f3n que posteriormente y \u00fanicamente el servidor que [&hellip;]<\/p>\n","protected":false},"author":1,"featured_media":0,"parent":0,"menu_order":0,"comment_status":"closed","ping_status":"closed","template":"","meta":{"_exactmetrics_skip_tracking":false,"_exactmetrics_sitenote_active":false,"_exactmetrics_sitenote_note":"","_exactmetrics_sitenote_category":0,"footnotes":""},"class_list":["post-4407","page","type-page","status-publish","hentry"],"_links":{"self":[{"href":"https:\/\/xalarexperiences.com\/es\/wp-json\/wp\/v2\/pages\/4407","targetHints":{"allow":["GET"]}}],"collection":[{"href":"https:\/\/xalarexperiences.com\/es\/wp-json\/wp\/v2\/pages"}],"about":[{"href":"https:\/\/xalarexperiences.com\/es\/wp-json\/wp\/v2\/types\/page"}],"author":[{"embeddable":true,"href":"https:\/\/xalarexperiences.com\/es\/wp-json\/wp\/v2\/users\/1"}],"replies":[{"embeddable":true,"href":"https:\/\/xalarexperiences.com\/es\/wp-json\/wp\/v2\/comments?post=4407"}],"version-history":[{"count":3,"href":"https:\/\/xalarexperiences.com\/es\/wp-json\/wp\/v2\/pages\/4407\/revisions"}],"predecessor-version":[{"id":5025,"href":"https:\/\/xalarexperiences.com\/es\/wp-json\/wp\/v2\/pages\/4407\/revisions\/5025"}],"wp:attachment":[{"href":"https:\/\/xalarexperiences.com\/es\/wp-json\/wp\/v2\/media?parent=4407"}],"curies":[{"name":"wp","href":"https:\/\/api.w.org\/{rel}","templated":true}]}}