{"id":4406,"date":"2025-02-04T08:16:59","date_gmt":"2025-02-04T08:16:59","guid":{"rendered":"https:\/\/xalarexperiences.com\/nueva-zelanda\/"},"modified":"2025-02-14T08:48:01","modified_gmt":"2025-02-14T08:48:01","slug":"nueva-zelanda","status":"publish","type":"page","link":"https:\/\/xalarexperiences.com\/es\/nueva-zelanda\/","title":{"rendered":"Nueva Zelanda"},"content":{"rendered":"\t\t<div data-elementor-type=\"wp-page\" data-elementor-id=\"4406\" class=\"elementor elementor-4406 elementor-2206\" data-elementor-post-type=\"page\">\n\t\t\t\t<div class=\"elementor-element elementor-element-7b5bef1a e-flex e-con-boxed e-con e-parent\" data-id=\"7b5bef1a\" data-element_type=\"container\" data-e-type=\"container\" data-settings=\"{&quot;background_background&quot;:&quot;classic&quot;}\">\n\t\t\t\t\t<div class=\"e-con-inner\">\n\t\t\t\t<div class=\"elementor-element elementor-element-61a1916 elementor-widget elementor-widget-heading\" data-id=\"61a1916\" data-element_type=\"widget\" data-e-type=\"widget\" data-widget_type=\"heading.default\">\n\t\t\t\t<div class=\"elementor-widget-container\">\n\t\t\t\t\t<h1 class=\"elementor-heading-title elementor-size-default\">Nueva Zelanda<\/h1>\t\t\t\t<\/div>\n\t\t\t\t<\/div>\n\t\t\t\t<div class=\"elementor-element elementor-element-b0d21d9 elementor-widget elementor-widget-heading\" data-id=\"b0d21d9\" data-element_type=\"widget\" data-e-type=\"widget\" data-widget_type=\"heading.default\">\n\t\t\t\t<div class=\"elementor-widget-container\">\n\t\t\t\t\t<h2 class=\"elementor-heading-title elementor-size-default\">Aventura, Naturaleza y Cultura en Estado Puro<\/h2>\t\t\t\t<\/div>\n\t\t\t\t<\/div>\n\t\t\t\t<div class=\"elementor-element elementor-element-b0e0fbc elementor-widget elementor-widget-text-editor\" data-id=\"b0e0fbc\" data-element_type=\"widget\" data-e-type=\"widget\" data-widget_type=\"text-editor.default\">\n\t\t\t\t<div class=\"elementor-widget-container\">\n\t\t\t\t\t\t\t\t\t<p>Descubre la magia de Nueva Zelanda, un destino donde la naturaleza despliega toda su grandeza. Desde monta\u00f1as imponentes y fiordos espectaculares hasta playas de arena dorada y bosques ancestrales, cada rinc\u00f3n invita a la aventura y la conexi\u00f3n con el entorno. Explora la cultura maor\u00ed, disfruta de su gastronom\u00eda y vive experiencias \u00fanicas en un pa\u00eds hecho para so\u00f1ar.<\/p>\t\t\t\t\t\t\t\t<\/div>\n\t\t\t\t<\/div>\n\t\t\t\t\t<\/div>\n\t\t\t\t<\/div>\n\t\t<div class=\"elementor-element elementor-element-62f9c73 e-con-full e-flex e-con e-parent\" data-id=\"62f9c73\" data-element_type=\"container\" data-e-type=\"container\">\n\t\t<div class=\"elementor-element elementor-element-e8cb985 e-con-full e-flex e-con e-child\" data-id=\"e8cb985\" data-element_type=\"container\" data-e-type=\"container\" data-settings=\"{&quot;background_background&quot;:&quot;slideshow&quot;,&quot;background_slideshow_gallery&quot;:[{&quot;id&quot;:2548,&quot;url&quot;:&quot;https:\\\/\\\/xalarexperiences.com\\\/wp-content\\\/uploads\\\/2025\\\/02\\\/nova-zelanda-11-scaled.jpg&quot;},{&quot;id&quot;:2547,&quot;url&quot;:&quot;https:\\\/\\\/xalarexperiences.com\\\/wp-content\\\/uploads\\\/2025\\\/02\\\/nova-zelanda-10-scaled.jpg&quot;},{&quot;id&quot;:2546,&quot;url&quot;:&quot;https:\\\/\\\/xalarexperiences.com\\\/wp-content\\\/uploads\\\/2025\\\/02\\\/nova-zelanda-9-scaled.jpg&quot;}],&quot;background_slideshow_loop&quot;:&quot;yes&quot;,&quot;background_slideshow_slide_duration&quot;:5000,&quot;background_slideshow_slide_transition&quot;:&quot;fade&quot;,&quot;background_slideshow_transition_duration&quot;:500}\">\n\t\t\t\t<\/div>\n\t\t<div class=\"elementor-element elementor-element-9d05998 e-con-full e-flex e-con e-child\" data-id=\"9d05998\" data-element_type=\"container\" data-e-type=\"container\" data-settings=\"{&quot;background_background&quot;:&quot;slideshow&quot;,&quot;background_slideshow_gallery&quot;:[{&quot;id&quot;:2545,&quot;url&quot;:&quot;https:\\\/\\\/xalarexperiences.com\\\/wp-content\\\/uploads\\\/2025\\\/02\\\/nova-zelanda-8-scaled.jpg&quot;},{&quot;id&quot;:2544,&quot;url&quot;:&quot;https:\\\/\\\/xalarexperiences.com\\\/wp-content\\\/uploads\\\/2025\\\/02\\\/nova-zelanda-7-scaled.jpg&quot;},{&quot;id&quot;:2543,&quot;url&quot;:&quot;https:\\\/\\\/xalarexperiences.com\\\/wp-content\\\/uploads\\\/2025\\\/02\\\/nova-zelanda-6-scaled.jpg&quot;}],&quot;background_slideshow_loop&quot;:&quot;yes&quot;,&quot;background_slideshow_slide_duration&quot;:5000,&quot;background_slideshow_slide_transition&quot;:&quot;fade&quot;,&quot;background_slideshow_transition_duration&quot;:500}\">\n\t\t\t\t<\/div>\n\t\t<div class=\"elementor-element elementor-element-b953f59 e-con-full e-flex e-con e-child\" data-id=\"b953f59\" data-element_type=\"container\" data-e-type=\"container\" data-settings=\"{&quot;background_background&quot;:&quot;slideshow&quot;,&quot;background_slideshow_gallery&quot;:[{&quot;id&quot;:2541,&quot;url&quot;:&quot;https:\\\/\\\/xalarexperiences.com\\\/wp-content\\\/uploads\\\/2025\\\/02\\\/nova-zelanda-4-scaled.jpg&quot;},{&quot;id&quot;:2540,&quot;url&quot;:&quot;https:\\\/\\\/xalarexperiences.com\\\/wp-content\\\/uploads\\\/2025\\\/02\\\/nova-zelanda-3-scaled.jpg&quot;},{&quot;id&quot;:2538,&quot;url&quot;:&quot;https:\\\/\\\/xalarexperiences.com\\\/wp-content\\\/uploads\\\/2025\\\/02\\\/nova-zelanda-1-scaled.jpg&quot;}],&quot;background_slideshow_loop&quot;:&quot;yes&quot;,&quot;background_slideshow_slide_duration&quot;:5000,&quot;background_slideshow_slide_transition&quot;:&quot;fade&quot;,&quot;background_slideshow_transition_duration&quot;:500}\">\n\t\t\t\t<\/div>\n\t\t\t\t<\/div>\n\t\t<div class=\"elementor-element elementor-element-8e206ce e-flex e-con-boxed e-con e-parent\" data-id=\"8e206ce\" data-element_type=\"container\" data-e-type=\"container\">\n\t\t\t\t\t<div class=\"e-con-inner\">\n\t\t<div class=\"elementor-element elementor-element-dfca9f0 e-con-full e-flex e-con e-child\" data-id=\"dfca9f0\" data-element_type=\"container\" data-e-type=\"container\">\n\t\t<div class=\"elementor-element elementor-element-4f8d0e3 e-con-full e-flex elementor-invisible e-con e-child\" data-id=\"4f8d0e3\" data-element_type=\"container\" data-e-type=\"container\" data-settings=\"{&quot;background_background&quot;:&quot;slideshow&quot;,&quot;animation&quot;:&quot;zoomIn&quot;,&quot;background_slideshow_gallery&quot;:[],&quot;background_slideshow_loop&quot;:&quot;yes&quot;,&quot;background_slideshow_slide_duration&quot;:5000,&quot;background_slideshow_slide_transition&quot;:&quot;fade&quot;,&quot;background_slideshow_transition_duration&quot;:500}\">\n\t\t\t\t<div class=\"elementor-element elementor-element-cd7864b elementor-align-center elementor-widget elementor-widget-button\" data-id=\"cd7864b\" data-element_type=\"widget\" data-e-type=\"widget\" data-widget_type=\"button.default\">\n\t\t\t\t<div class=\"elementor-widget-container\">\n\t\t\t\t\t\t\t\t\t<div class=\"elementor-button-wrapper\">\n\t\t\t\t\t<a class=\"elementor-button elementor-button-link elementor-size-sm\" href=\"https:\/\/xalarexperiences.com\/es\/formulario-destinos-internacionales\/\">\n\t\t\t\t\t\t<span class=\"elementor-button-content-wrapper\">\n\t\t\t\t\t\t\t\t\t<span class=\"elementor-button-text\">Solicitar informaci\u00f3n<\/span>\n\t\t\t\t\t<\/span>\n\t\t\t\t\t<\/a>\n\t\t\t\t<\/div>\n\t\t\t\t\t\t\t\t<\/div>\n\t\t\t\t<\/div>\n\t\t\t\t<\/div>\n\t\t\t\t<\/div>\n\t\t\t\t\t<\/div>\n\t\t\t\t<\/div>\n\t\t\t\t<\/div>\n\t\t","protected":false},"excerpt":{"rendered":"<p>Nueva Zelanda Aventura, Naturaleza y Cultura en Estado Puro Descubre la magia de Nueva Zelanda, un destino donde la naturaleza despliega toda su grandeza. Desde monta\u00f1as imponentes y fiordos espectaculares hasta playas de arena dorada y bosques ancestrales, cada rinc\u00f3n invita a la aventura y la conexi\u00f3n con el entorno. Explora la cultura maor\u00ed, disfruta [&hellip;]<\/p>\n","protected":false},"author":1,"featured_media":0,"parent":0,"menu_order":0,"comment_status":"closed","ping_status":"closed","template":"elementor_header_footer","meta":{"_exactmetrics_skip_tracking":false,"_exactmetrics_sitenote_active":false,"_exactmetrics_sitenote_note":"","_exactmetrics_sitenote_category":0,"footnotes":""},"class_list":["post-4406","page","type-page","status-publish","hentry"],"_links":{"self":[{"href":"https:\/\/xalarexperiences.com\/es\/wp-json\/wp\/v2\/pages\/4406","targetHints":{"allow":["GET"]}}],"collection":[{"href":"https:\/\/xalarexperiences.com\/es\/wp-json\/wp\/v2\/pages"}],"about":[{"href":"https:\/\/xalarexperiences.com\/es\/wp-json\/wp\/v2\/types\/page"}],"author":[{"embeddable":true,"href":"https:\/\/xalarexperiences.com\/es\/wp-json\/wp\/v2\/users\/1"}],"replies":[{"embeddable":true,"href":"https:\/\/xalarexperiences.com\/es\/wp-json\/wp\/v2\/comments?post=4406"}],"version-history":[{"count":3,"href":"https:\/\/xalarexperiences.com\/es\/wp-json\/wp\/v2\/pages\/4406\/revisions"}],"predecessor-version":[{"id":4898,"href":"https:\/\/xalarexperiences.com\/es\/wp-json\/wp\/v2\/pages\/4406\/revisions\/4898"}],"wp:attachment":[{"href":"https:\/\/xalarexperiences.com\/es\/wp-json\/wp\/v2\/media?parent=4406"}],"curies":[{"name":"wp","href":"https:\/\/api.w.org\/{rel}","templated":true}]}}