{"id":4399,"date":"2025-01-20T15:39:47","date_gmt":"2025-01-20T15:39:47","guid":{"rendered":"https:\/\/xalarexperiences.com\/emiratos-arabes\/"},"modified":"2025-02-14T08:39:24","modified_gmt":"2025-02-14T08:39:24","slug":"emiratos-arabes","status":"publish","type":"page","link":"https:\/\/xalarexperiences.com\/es\/emiratos-arabes\/","title":{"rendered":"Emiratos \u00c1rabes"},"content":{"rendered":"\t\t<div data-elementor-type=\"wp-page\" data-elementor-id=\"4399\" class=\"elementor elementor-4399 elementor-1726\" data-elementor-post-type=\"page\">\n\t\t\t\t<div class=\"elementor-element elementor-element-7b5bef1a e-flex e-con-boxed e-con e-parent\" data-id=\"7b5bef1a\" data-element_type=\"container\" data-e-type=\"container\" data-settings=\"{&quot;background_background&quot;:&quot;classic&quot;}\">\n\t\t\t\t\t<div class=\"e-con-inner\">\n\t\t\t\t<div class=\"elementor-element elementor-element-61a1916 elementor-widget elementor-widget-heading\" data-id=\"61a1916\" data-element_type=\"widget\" data-e-type=\"widget\" data-widget_type=\"heading.default\">\n\t\t\t\t<div class=\"elementor-widget-container\">\n\t\t\t\t\t<h1 class=\"elementor-heading-title elementor-size-default\">Emiratos \u00c1rabes<\/h1>\t\t\t\t<\/div>\n\t\t\t\t<\/div>\n\t\t\t\t<div class=\"elementor-element elementor-element-79283e1 elementor-widget elementor-widget-heading\" data-id=\"79283e1\" data-element_type=\"widget\" data-e-type=\"widget\" data-widget_type=\"heading.default\">\n\t\t\t\t<div class=\"elementor-widget-container\">\n\t\t\t\t\t<h2 class=\"elementor-heading-title elementor-size-default\">Lujo, Innovaci\u00f3n y Experiencias \u00danicas<\/h2>\t\t\t\t<\/div>\n\t\t\t\t<\/div>\n\t\t\t\t<div class=\"elementor-element elementor-element-b0e0fbc elementor-widget elementor-widget-text-editor\" data-id=\"b0e0fbc\" data-element_type=\"widget\" data-e-type=\"widget\" data-widget_type=\"text-editor.default\">\n\t\t\t\t<div class=\"elementor-widget-container\">\n\t\t\t\t\t\t\t\t\t<p>Descubre la grandiosidad de los Emiratos \u00c1rabes, donde modernidad y tradici\u00f3n se fusionan para crear un destino fascinante. Desde los rascacielos de Dubai hasta los infinitos desiertos de Abu Dhabi, te invitamos a vivir experiencias exclusivas llenas de lujo, aventura y autenticidad. Disfruta de actividades personalizadas, gastronom\u00eda de primer nivel y momentos que te van a transportar a un mundo de elegancia y espectacularidad.<\/p>\t\t\t\t\t\t\t\t<\/div>\n\t\t\t\t<\/div>\n\t\t\t\t\t<\/div>\n\t\t\t\t<\/div>\n\t\t<div class=\"elementor-element elementor-element-62f9c73 e-con-full e-flex e-con e-parent\" data-id=\"62f9c73\" data-element_type=\"container\" data-e-type=\"container\">\n\t\t<div class=\"elementor-element elementor-element-e8cb985 e-con-full e-flex e-con e-child\" data-id=\"e8cb985\" data-element_type=\"container\" data-e-type=\"container\" data-settings=\"{&quot;background_background&quot;:&quot;slideshow&quot;,&quot;background_slideshow_gallery&quot;:[{&quot;id&quot;:2349,&quot;url&quot;:&quot;https:\\\/\\\/xalarexperiences.com\\\/wp-content\\\/uploads\\\/2025\\\/02\\\/damian-kamp-hxgX1tiM8XI-unsplash-scaled.webp&quot;},{&quot;id&quot;:2347,&quot;url&quot;:&quot;https:\\\/\\\/xalarexperiences.com\\\/wp-content\\\/uploads\\\/2025\\\/02\\\/damian-kamp-FajPCUonQrc-unsplash-scaled.webp&quot;},{&quot;id&quot;:2350,&quot;url&quot;:&quot;https:\\\/\\\/xalarexperiences.com\\\/wp-content\\\/uploads\\\/2025\\\/02\\\/zosia-szopka-bSEGLxae3us-unsplash-scaled.webp&quot;}],&quot;background_slideshow_loop&quot;:&quot;yes&quot;,&quot;background_slideshow_slide_duration&quot;:5000,&quot;background_slideshow_slide_transition&quot;:&quot;fade&quot;,&quot;background_slideshow_transition_duration&quot;:500}\">\n\t\t\t\t<\/div>\n\t\t<div class=\"elementor-element elementor-element-84af96d e-con-full e-flex e-con e-child\" data-id=\"84af96d\" data-element_type=\"container\" data-e-type=\"container\" data-settings=\"{&quot;background_background&quot;:&quot;slideshow&quot;,&quot;background_slideshow_gallery&quot;:[{&quot;id&quot;:1678,&quot;url&quot;:&quot;https:\\\/\\\/xalarexperiences.com\\\/wp-content\\\/uploads\\\/2025\\\/01\\\/emirats-arabs-paisatge-tradicional-scaled.webp&quot;},{&quot;id&quot;:1675,&quot;url&quot;:&quot;https:\\\/\\\/xalarexperiences.com\\\/wp-content\\\/uploads\\\/2025\\\/01\\\/dunes-desert-emirats-arabs.webp&quot;},{&quot;id&quot;:1677,&quot;url&quot;:&quot;https:\\\/\\\/xalarexperiences.com\\\/wp-content\\\/uploads\\\/2025\\\/01\\\/emirats-arabs-desert-dunes-tradicio-scaled.webp&quot;}],&quot;background_slideshow_loop&quot;:&quot;yes&quot;,&quot;background_slideshow_slide_duration&quot;:5000,&quot;background_slideshow_slide_transition&quot;:&quot;fade&quot;,&quot;background_slideshow_transition_duration&quot;:500}\">\n\t\t\t\t<\/div>\n\t\t<div class=\"elementor-element elementor-element-9d05998 e-con-full e-flex e-con e-child\" data-id=\"9d05998\" data-element_type=\"container\" data-e-type=\"container\" data-settings=\"{&quot;background_background&quot;:&quot;slideshow&quot;,&quot;background_slideshow_gallery&quot;:[{&quot;id&quot;:1676,&quot;url&quot;:&quot;https:\\\/\\\/xalarexperiences.com\\\/wp-content\\\/uploads\\\/2025\\\/01\\\/desert-emirats-arabs-dunes.webp&quot;},{&quot;id&quot;:1680,&quot;url&quot;:&quot;https:\\\/\\\/xalarexperiences.com\\\/wp-content\\\/uploads\\\/2025\\\/01\\\/emirats-arabs-dubai-paisatge.webp&quot;},{&quot;id&quot;:1679,&quot;url&quot;:&quot;https:\\\/\\\/xalarexperiences.com\\\/wp-content\\\/uploads\\\/2025\\\/01\\\/souk-madinat-jumeirah-emirats-arabs.webp&quot;}],&quot;background_slideshow_loop&quot;:&quot;yes&quot;,&quot;background_slideshow_slide_duration&quot;:5000,&quot;background_slideshow_slide_transition&quot;:&quot;fade&quot;,&quot;background_slideshow_transition_duration&quot;:500}\">\n\t\t\t\t<\/div>\n\t\t\t\t<\/div>\n\t\t<div class=\"elementor-element elementor-element-9929044 e-flex e-con-boxed e-con e-parent\" data-id=\"9929044\" data-element_type=\"container\" data-e-type=\"container\">\n\t\t\t\t\t<div class=\"e-con-inner\">\n\t\t<div class=\"elementor-element elementor-element-12123c4 e-con-full e-flex e-con e-child\" data-id=\"12123c4\" data-element_type=\"container\" data-e-type=\"container\">\n\t\t<div class=\"elementor-element elementor-element-aa7f2e4 e-con-full e-flex elementor-invisible e-con e-child\" data-id=\"aa7f2e4\" data-element_type=\"container\" data-e-type=\"container\" data-settings=\"{&quot;background_background&quot;:&quot;slideshow&quot;,&quot;animation&quot;:&quot;zoomIn&quot;,&quot;background_slideshow_gallery&quot;:[],&quot;background_slideshow_loop&quot;:&quot;yes&quot;,&quot;background_slideshow_slide_duration&quot;:5000,&quot;background_slideshow_slide_transition&quot;:&quot;fade&quot;,&quot;background_slideshow_transition_duration&quot;:500}\">\n\t\t\t\t<div class=\"elementor-element elementor-element-ca0944e elementor-align-center elementor-widget elementor-widget-button\" data-id=\"ca0944e\" data-element_type=\"widget\" data-e-type=\"widget\" data-widget_type=\"button.default\">\n\t\t\t\t<div class=\"elementor-widget-container\">\n\t\t\t\t\t\t\t\t\t<div class=\"elementor-button-wrapper\">\n\t\t\t\t\t<a class=\"elementor-button elementor-button-link elementor-size-sm\" href=\"https:\/\/xalarexperiences.com\/es\/formulario-destinos-internacionales\/\">\n\t\t\t\t\t\t<span class=\"elementor-button-content-wrapper\">\n\t\t\t\t\t\t\t\t\t<span class=\"elementor-button-text\">Solicitar informaci\u00f3n<\/span>\n\t\t\t\t\t<\/span>\n\t\t\t\t\t<\/a>\n\t\t\t\t<\/div>\n\t\t\t\t\t\t\t\t<\/div>\n\t\t\t\t<\/div>\n\t\t\t\t<\/div>\n\t\t\t\t<\/div>\n\t\t\t\t\t<\/div>\n\t\t\t\t<\/div>\n\t\t\t\t<\/div>\n\t\t","protected":false},"excerpt":{"rendered":"<p>Emiratos \u00c1rabes Lujo, Innovaci\u00f3n y Experiencias \u00danicas Descubre la grandiosidad de los Emiratos \u00c1rabes, donde modernidad y tradici\u00f3n se fusionan para crear un destino fascinante. Desde los rascacielos de Dubai hasta los infinitos desiertos de Abu Dhabi, te invitamos a vivir experiencias exclusivas llenas de lujo, aventura y autenticidad. Disfruta de actividades personalizadas, gastronom\u00eda de [&hellip;]<\/p>\n","protected":false},"author":1,"featured_media":0,"parent":0,"menu_order":0,"comment_status":"closed","ping_status":"closed","template":"elementor_header_footer","meta":{"_exactmetrics_skip_tracking":false,"_exactmetrics_sitenote_active":false,"_exactmetrics_sitenote_note":"","_exactmetrics_sitenote_category":0,"footnotes":""},"class_list":["post-4399","page","type-page","status-publish","hentry"],"_links":{"self":[{"href":"https:\/\/xalarexperiences.com\/es\/wp-json\/wp\/v2\/pages\/4399","targetHints":{"allow":["GET"]}}],"collection":[{"href":"https:\/\/xalarexperiences.com\/es\/wp-json\/wp\/v2\/pages"}],"about":[{"href":"https:\/\/xalarexperiences.com\/es\/wp-json\/wp\/v2\/types\/page"}],"author":[{"embeddable":true,"href":"https:\/\/xalarexperiences.com\/es\/wp-json\/wp\/v2\/users\/1"}],"replies":[{"embeddable":true,"href":"https:\/\/xalarexperiences.com\/es\/wp-json\/wp\/v2\/comments?post=4399"}],"version-history":[{"count":3,"href":"https:\/\/xalarexperiences.com\/es\/wp-json\/wp\/v2\/pages\/4399\/revisions"}],"predecessor-version":[{"id":4882,"href":"https:\/\/xalarexperiences.com\/es\/wp-json\/wp\/v2\/pages\/4399\/revisions\/4882"}],"wp:attachment":[{"href":"https:\/\/xalarexperiences.com\/es\/wp-json\/wp\/v2\/media?parent=4399"}],"curies":[{"name":"wp","href":"https:\/\/api.w.org\/{rel}","templated":true}]}}