{"id":4384,"date":"2025-01-09T09:16:10","date_gmt":"2025-01-09T09:16:10","guid":{"rendered":"https:\/\/xalarexperiences.com\/politica-de-privacidad\/"},"modified":"2025-03-04T17:52:35","modified_gmt":"2025-03-04T17:52:35","slug":"politica-de-privacidad","status":"publish","type":"page","link":"https:\/\/xalarexperiences.com\/es\/politica-de-privacidad\/","title":{"rendered":"Pol\u00edtica de privacidad"},"content":{"rendered":"\t\t<div data-elementor-type=\"wp-page\" data-elementor-id=\"4384\" class=\"elementor elementor-4384 elementor-1000\" data-elementor-post-type=\"page\">\n\t\t\t\t<div class=\"elementor-element elementor-element-c9591b5 e-flex e-con-boxed e-con e-parent\" data-id=\"c9591b5\" data-element_type=\"container\" data-e-type=\"container\" data-settings=\"{&quot;background_background&quot;:&quot;classic&quot;}\">\n\t\t\t\t\t<div class=\"e-con-inner\">\n\t\t\t\t<div class=\"elementor-element elementor-element-7102982 elementor-widget elementor-widget-heading\" data-id=\"7102982\" data-element_type=\"widget\" data-e-type=\"widget\" data-widget_type=\"heading.default\">\n\t\t\t\t<div class=\"elementor-widget-container\">\n\t\t\t\t\t<h2 class=\"elementor-heading-title elementor-size-default\">Pol\u00edtica de privacidad<\/h2>\t\t\t\t<\/div>\n\t\t\t\t<\/div>\n\t\t\t\t<div class=\"elementor-element elementor-element-0519e40 elementor-widget elementor-widget-text-editor\" data-id=\"0519e40\" data-element_type=\"widget\" data-e-type=\"widget\" data-widget_type=\"text-editor.default\">\n\t\t\t\t<div class=\"elementor-widget-container\">\n\t\t\t\t\t\t\t\t\t<div class=\"elementor-element elementor-element-6a80c30 elementor-widget elementor-widget-heading\" data-id=\"6a80c30\" data-element_type=\"widget\" data-widget_type=\"heading.default\">\n  <div class=\"elementor-widget-container\">\n    <div class=\"elementor-element elementor-element-95519f6 elementor-widget elementor-widget-heading\" data-id=\"95519f6\" data-element_type=\"widget\" data-widget_type=\"heading.default\">\n      <div class=\"elementor-widget-container\">\n        <h2 class=\"elementor-heading-title elementor-size-default\">PROTECCI\u00d3N DE DATOS<\/h2>\n      <\/div>\n    <\/div>\n    <div class=\"elementor-element elementor-element-3853089 elementor-widget elementor-widget-text-editor\" data-id=\"3853089\" data-element_type=\"widget\" data-widget_type=\"text-editor.default\">\n      <div class=\"elementor-widget-container\">\n        La informaci\u00f3n personal que nos facilite a trav\u00e9s de los diferentes formularios, correos electr\u00f3nicos o cualquier otro medio disponible en este sitio web, ser\u00e1 introducida en un archivo automatizado bajo la responsabilidad de Xalar Experiences y se mantendr\u00e1 confidencial y protegida. En ning\u00fan caso ser\u00e1 destinada o utilizada para otros fines, ni ser\u00e1 entregada a terceros sin su consentimiento, de acuerdo con los principios de protecci\u00f3n de datos de la ley espa\u00f1ola LOPD (Ley Org\u00e1nica 15\/1999, de 13 de diciembre, de protecci\u00f3n de datos de car\u00e1cter personal y el RD 1720\/2007, de 21 de diciembre, del Reglamento de Desarrollo).<br><br>\n        Asimismo, y en cumplimiento del Reglamento General de Protecci\u00f3n de Datos (RGPD) 2016\/679 UE, de 27 de abril de 2016, le informamos que sus datos personales forman parte de nuestros archivos automatizados y no automatizados de Clientes, con la finalidad de: responder a la solicitud de informaci\u00f3n que usted realice a trav\u00e9s de nuestros formularios de contacto web, prestar el servicio contratado, ofrecer servicios relacionados con los solicitados, enviarle informaci\u00f3n sobre promociones, suscribirle a nuestro newsletter, comunicarnos v\u00eda correo electr\u00f3nico, fidelizarlo como cliente y realizar los tr\u00e1mites administrativos y contables relacionados con su servicio con nosotros. Para cumplir con las diferentes disposiciones legales, hemos establecido distintos niveles de seguridad para proteger los datos personales que nos facilite, habiendo adoptado todas las medidas t\u00e9cnicas a nuestro alcance para evitar la p\u00e9rdida, mal uso, alteraci\u00f3n, acceso no autorizado y manipulaci\u00f3n de dichos datos.\n        <br><br>\n        Usted siempre tiene derecho a ejercer su derecho de acceso, rectificaci\u00f3n, oposici\u00f3n o cancelaci\u00f3n de los datos personales que nos haya proporcionado. Si as\u00ed lo desea, puede ponerse en contacto con nosotros, indicando el derecho que desea ejercer junto con una copia de su Documento de Identidad a: <a href=\"mailto:hello@xalarexperiences.com\" target=\"_blank\" rel=\"noopener noreferrer\" style=\"color: black;\">hello@xalarexperiences.com<\/a>.<br><br>\n        Mientras no nos comunique lo contrario, entenderemos que sus datos no han sido modificados, que usted se compromete a notificarnos cualquier variaci\u00f3n y que contamos con su consentimiento para utilizarlos con el fin de fidelizar la relaci\u00f3n entre las partes.\n      <\/div>\n    <\/div>\n    <div class=\"elementor-element elementor-element-ad9a9a0 elementor-widget elementor-widget-heading\" data-id=\"ad9a9a0\" data-element_type=\"widget\" data-widget_type=\"heading.default\">\n      <div class=\"elementor-widget-container\">\n        <h2 class=\"elementor-heading-title elementor-size-default\">C\u00d3MO EJERCER TUS DERECHOS<\/h2>\n      <\/div>\n    <\/div>\n    <div class=\"elementor-element elementor-element-8010462 elementor-widget elementor-widget-text-editor\" data-id=\"8010462\" data-element_type=\"widget\" data-widget_type=\"text-editor.default\">\n      <div class=\"elementor-widget-container\">\n        Puede dirigir una comunicaci\u00f3n por escrito al domicilio social de Xalar Experiences o a la direcci\u00f3n de correo electr\u00f3nico indicada al principio del Aviso Legal, incluyendo en ambos casos una fotocopia de su DNI u otro documento identificativo similar, para solicitar el ejercicio de los siguientes derechos:<br><br>\n        \u2013 <strong>Derecho a solicitar el acceso a sus datos personales:<\/strong> Puede preguntar a Xalar Experiences si est\u00e1 tratando sus datos.<br>\n        \u2013 <strong>Derecho a solicitar su rectificaci\u00f3n:<\/strong> En caso de que los datos sean incorrectos.<br>\n        \u2013 <strong>Derecho a solicitar la limitaci\u00f3n de su tratamiento:<\/strong> En este caso, sus datos ser\u00e1n conservados \u00fanicamente por Xalar Experiences para el ejercicio o defensa de reclamaciones.<br>\n        \u2013 <strong>Derecho a oponerse al tratamiento:<\/strong> Xalar Experiences cesar\u00e1 el tratamiento de sus datos en la forma que usted indique, salvo que por motivos leg\u00edtimos imperiosos o para el ejercicio o defensa de posibles reclamaciones sea necesario continuar trat\u00e1ndolos.<br>\n        \u2013 <strong>Derecho a la portabilidad de los datos:<\/strong> En caso de que desee que sus datos sean tratados por otra entidad, Xalar Experiences le facilitar\u00e1 la portabilidad de los mismos al nuevo responsable.<br>\n        \u2013 <strong>Derecho a la eliminaci\u00f3n de los datos:<\/strong> Tendr\u00e1 derecho a solicitar que se eliminen completamente sus datos, salvo que por imperativos legales deban conservarse hasta su confirmaci\u00f3n. Puede encontrar m\u00e1s informaci\u00f3n sobre modelos, formularios y sus derechos en la p\u00e1gina oficial de la Agencia Espa\u00f1ola de Protecci\u00f3n de Datos.<br>\n        \u2013 <strong>Posibilidad de retirar el consentimiento:<\/strong> Si ha otorgado el consentimiento para alguna finalidad espec\u00edfica, tiene derecho a retirarlo en cualquier momento, sin que ello afecte la licitud del tratamiento basado en el consentimiento previo a su retirada.<br>\n        \u2013 <strong>C\u00f3mo reclamar ante la Autoridad de Control:<\/strong> Si considera que existe un problema con la forma en que Xalar Experiences est\u00e1 tratando sus datos, puede dirigir sus reclamaciones al responsable de seguridad de <a href=\"http:\/\/www.xalarexperiences.com\/\" target=\"_blank\" rel=\"noopener noreferrer\" style=\"color: black;\">www.xalarexperiences.com<\/a> o a la autoridad de protecci\u00f3n de datos correspondiente, siendo en Espa\u00f1a la Agencia Espa\u00f1ola de Protecci\u00f3n de Datos la indicada.<br>\n        \u2013 <strong>Derecho al olvido y acceso a sus datos personales:<\/strong> En todo momento, tendr\u00e1 derecho a revisar, recuperar, anonimizar y\/o eliminar, total o parcialmente, los datos almacenados en el sitio web. Simplemente debe enviar un correo electr\u00f3nico a <a href=\"mailto:hello@xalarexperiences.com\" target=\"_blank\" rel=\"noopener noreferrer\" style=\"color: black;\">hello@xalarexperiences.com<\/a> solicit\u00e1ndolo.\n      <\/div>\n    <\/div>\n    <div class=\"elementor-element elementor-element-558534f elementor-widget elementor-widget-heading\" data-id=\"558534f\" data-element_type=\"widget\" data-widget_type=\"heading.default\">\n      <div class=\"elementor-widget-container\">\n        <h2 class=\"elementor-heading-title elementor-size-default\">\u00bfQU\u00c9 INFORMACI\u00d3N RECOGEM DE LOS USUARIOS Y PARA QU\u00c9 LA UTILIZAMOS?<\/h2>\n      <\/div>\n    <\/div>\n    <div class=\"elementor-element elementor-element-31129fc elementor-widget elementor-widget-text-editor\" data-id=\"31129fc\" data-element_type=\"widget\" data-widget_type=\"text-editor.default\">\n      <div class=\"elementor-widget-container\">\n        Todos los productos y servicios ofrecidos en el sitio web <a href=\"http:\/\/www.xalarexperiences.com\/\" target=\"_blank\" rel=\"noopener noreferrer\" style=\"color: black;\">www.xalarexperiences.com<\/a> est\u00e1n relacionados con formularios de contacto.<br>\n        \u2013 Este sitio web siempre requiere el consentimiento previo de los usuarios para tratar sus datos personales con las finalidades indicadas.<br>\n        \u2013 Usted tiene derecho a revocar su consentimiento previo en cualquier momento.\n      <\/div>\n    <\/div>\n    <div class=\"elementor-element elementor-element-0d0facd elementor-widget elementor-widget-heading\" data-id=\"0d0facd\" data-element_type=\"widget\" data-widget_type=\"heading.default\">\n      <div class=\"elementor-widget-container\">\n        <h2 class=\"elementor-heading-title elementor-size-default\">REDES SOCIALES<\/h2>\n      <\/div>\n    <\/div>\n    <div class=\"elementor-element elementor-element-b7e8af1 elementor-widget elementor-widget-text-editor\" data-id=\"b7e8af1\" data-element_type=\"widget\" data-widget_type=\"text-editor.default\">\n      <div class=\"elementor-widget-container\">\n        Presencia en redes: <a href=\"http:\/\/www.xalarexperiences.com\/\" target=\"_blank\" rel=\"noopener noreferrer\" style=\"color: black;\">www.xalarexperiences.com<\/a> cuenta con perfiles en algunas de las principales redes sociales de Internet.<br>\n        \u2013 <strong>Finalidad y legitimaci\u00f3n:<\/strong> El tratamiento que <a href=\"http:\/\/www.xalarexperiences.com\/\" target=\"_blank\" rel=\"noopener noreferrer\" style=\"color: black;\">www.xalarexperiences.com<\/a> realice con los datos en cada una de dichas redes ser\u00e1, como m\u00e1ximo, el que la red social permita para los perfiles corporativos. As\u00ed, podremos informar \u2013si la ley lo permite\u2013 a nuestros seguidores, a trav\u00e9s de los medios que la red social permita, sobre nuestras actividades, conferencias, ofertas y prestar un servicio personalizado de atenci\u00f3n al cliente.<br>\n        \u2013 <strong>Extracci\u00f3n de datos:<\/strong> En ning\u00fan caso se extraer\u00e1n datos de las redes sociales, salvo que se obtenga el consentimiento expreso y puntual.<br>\n        \u2013 <strong>Derechos:<\/strong> Cuando, debido a la naturaleza de las redes sociales, el ejercicio efectivo de los derechos de protecci\u00f3n de datos del usuario quede condicionado a la modificaci\u00f3n de su perfil personal, <a href=\"http:\/\/www.xalarexperiences.com\/\" target=\"_blank\" rel=\"noopener noreferrer\" style=\"color: black;\">www.xalarexperiences.com<\/a> le ayudar\u00e1 y asesorar\u00e1 en la medida de lo posible.\n      <\/div>\n    <\/div>\n    <div class=\"elementor-element elementor-element-81cb1a7 elementor-widget elementor-widget-heading\" data-id=\"81cb1a7\" data-element_type=\"widget\" data-widget_type=\"heading.default\">\n      <div class=\"elementor-widget-container\">\n        <h2 class=\"elementor-heading-title elementor-size-default\">LEY APLICABLE Y JURISDICCI\u00d3N<\/h2>\n      <\/div>\n    <\/div>\n    <div class=\"elementor-element elementor-element-cdea9ff elementor-widget elementor-widget-text-editor\" data-id=\"cdea9ff\" data-element_type=\"widget\" data-widget_type=\"text-editor.default\">\n      <div class=\"elementor-widget-container\">\n        En t\u00e9rminos generales, las relaciones entre <a href=\"http:\/\/www.xalarexperiences.com\/\" target=\"_blank\" rel=\"noopener noreferrer\" style=\"color: black;\">www.xalarexperiences.com<\/a> y los usuarios de sus servicios en l\u00ednea, presentes en este sitio web, est\u00e1n sometidas a la legislaci\u00f3n y jurisdicci\u00f3n espa\u00f1olas.\n      <\/div>\n    <\/div>\n  <\/div>\n<\/div>\n\t\t\t\t\t\t\t\t<\/div>\n\t\t\t\t<\/div>\n\t\t\t\t\t<\/div>\n\t\t\t\t<\/div>\n\t\t\t\t<\/div>\n\t\t","protected":false},"excerpt":{"rendered":"<p>Pol\u00edtica de privacidad PROTECCI\u00d3N DE DATOS La informaci\u00f3n personal que nos facilite a trav\u00e9s de los diferentes formularios, correos electr\u00f3nicos o cualquier otro medio disponible en este sitio web, ser\u00e1 introducida en un archivo automatizado bajo la responsabilidad de Xalar Experiences y se mantendr\u00e1 confidencial y protegida. En ning\u00fan caso ser\u00e1 destinada o utilizada para [&hellip;]<\/p>\n","protected":false},"author":1,"featured_media":0,"parent":0,"menu_order":0,"comment_status":"closed","ping_status":"closed","template":"","meta":{"_exactmetrics_skip_tracking":false,"_exactmetrics_sitenote_active":false,"_exactmetrics_sitenote_note":"","_exactmetrics_sitenote_category":0,"footnotes":""},"class_list":["post-4384","page","type-page","status-publish","hentry"],"_links":{"self":[{"href":"https:\/\/xalarexperiences.com\/es\/wp-json\/wp\/v2\/pages\/4384","targetHints":{"allow":["GET"]}}],"collection":[{"href":"https:\/\/xalarexperiences.com\/es\/wp-json\/wp\/v2\/pages"}],"about":[{"href":"https:\/\/xalarexperiences.com\/es\/wp-json\/wp\/v2\/types\/page"}],"author":[{"embeddable":true,"href":"https:\/\/xalarexperiences.com\/es\/wp-json\/wp\/v2\/users\/1"}],"replies":[{"embeddable":true,"href":"https:\/\/xalarexperiences.com\/es\/wp-json\/wp\/v2\/comments?post=4384"}],"version-history":[{"count":3,"href":"https:\/\/xalarexperiences.com\/es\/wp-json\/wp\/v2\/pages\/4384\/revisions"}],"predecessor-version":[{"id":5009,"href":"https:\/\/xalarexperiences.com\/es\/wp-json\/wp\/v2\/pages\/4384\/revisions\/5009"}],"wp:attachment":[{"href":"https:\/\/xalarexperiences.com\/es\/wp-json\/wp\/v2\/media?parent=4384"}],"curies":[{"name":"wp","href":"https:\/\/api.w.org\/{rel}","templated":true}]}}