{"id":4383,"date":"2025-01-17T16:10:51","date_gmt":"2025-01-17T16:10:51","guid":{"rendered":"https:\/\/xalarexperiences.com\/costa-brava\/"},"modified":"2025-02-14T14:01:44","modified_gmt":"2025-02-14T14:01:44","slug":"costa-brava","status":"publish","type":"page","link":"https:\/\/xalarexperiences.com\/es\/costa-brava\/","title":{"rendered":"Costa Brava"},"content":{"rendered":"\t\t<div data-elementor-type=\"wp-page\" data-elementor-id=\"4383\" class=\"elementor elementor-4383 elementor-1543\" data-elementor-post-type=\"page\">\n\t\t\t\t<div class=\"elementor-element elementor-element-7b5bef1a e-flex e-con-boxed e-con e-parent\" data-id=\"7b5bef1a\" data-element_type=\"container\" data-e-type=\"container\" data-settings=\"{&quot;background_background&quot;:&quot;classic&quot;}\">\n\t\t\t\t\t<div class=\"e-con-inner\">\n\t\t\t\t<div class=\"elementor-element elementor-element-61a1916 elementor-widget elementor-widget-heading\" data-id=\"61a1916\" data-element_type=\"widget\" data-e-type=\"widget\" data-widget_type=\"heading.default\">\n\t\t\t\t<div class=\"elementor-widget-container\">\n\t\t\t\t\t<h1 class=\"elementor-heading-title elementor-size-default\">Costa Brava<\/h1>\t\t\t\t<\/div>\n\t\t\t\t<\/div>\n\t\t\t\t<div class=\"elementor-element elementor-element-2ed0f77 elementor-widget elementor-widget-heading\" data-id=\"2ed0f77\" data-element_type=\"widget\" data-e-type=\"widget\" data-widget_type=\"heading.default\">\n\t\t\t\t<div class=\"elementor-widget-container\">\n\t\t\t\t\t<h2 class=\"elementor-heading-title elementor-size-default\">Vive la Magia de Experiencias Inolvidables<\/h2>\t\t\t\t<\/div>\n\t\t\t\t<\/div>\n\t\t\t\t<div class=\"elementor-element elementor-element-b0e0fbc elementor-widget elementor-widget-text-editor\" data-id=\"b0e0fbc\" data-element_type=\"widget\" data-e-type=\"widget\" data-widget_type=\"text-editor.default\">\n\t\t\t\t<div class=\"elementor-widget-container\">\n\t\t\t\t\t\t\t\t\t<p><span style=\"font-weight: 400;\">D\u00e9jate cautivar por la magia de su litoral, las calas escondidas y los paisajes mediterr\u00e1neos. Ad\u00e9ntrate en su rica historia, disfruta de una gastronom\u00eda excepcional y vive momentos transformadores rodeado de un entorno natural incomparable. <\/span><\/p>\t\t\t\t\t\t\t\t<\/div>\n\t\t\t\t<\/div>\n\t\t\t\t\t<\/div>\n\t\t\t\t<\/div>\n\t\t<div class=\"elementor-element elementor-element-06af3bd e-con-full e-flex e-con e-parent\" data-id=\"06af3bd\" data-element_type=\"container\" data-e-type=\"container\">\n\t\t<div class=\"elementor-element elementor-element-b032013 e-flex e-con-boxed e-con e-child\" data-id=\"b032013\" data-element_type=\"container\" data-e-type=\"container\" data-settings=\"{&quot;background_background&quot;:&quot;slideshow&quot;,&quot;background_slideshow_gallery&quot;:[{&quot;id&quot;:2752,&quot;url&quot;:&quot;https:\\\/\\\/xalarexperiences.com\\\/wp-content\\\/uploads\\\/2025\\\/02\\\/costa-brava-3-1.jpg&quot;},{&quot;id&quot;:2755,&quot;url&quot;:&quot;https:\\\/\\\/xalarexperiences.com\\\/wp-content\\\/uploads\\\/2025\\\/02\\\/costa-brava-6-1-scaled.jpg&quot;},{&quot;id&quot;:2756,&quot;url&quot;:&quot;https:\\\/\\\/xalarexperiences.com\\\/wp-content\\\/uploads\\\/2025\\\/02\\\/costa-brava-7-1-scaled.jpg&quot;}],&quot;background_slideshow_loop&quot;:&quot;yes&quot;,&quot;background_slideshow_slide_duration&quot;:5000,&quot;background_slideshow_slide_transition&quot;:&quot;fade&quot;,&quot;background_slideshow_transition_duration&quot;:500}\">\n\t\t\t\t\t<div class=\"e-con-inner\">\n\t\t\t\t\t<\/div>\n\t\t\t\t<\/div>\n\t\t<div class=\"elementor-element elementor-element-e17a76a e-flex e-con-boxed e-con e-child\" data-id=\"e17a76a\" data-element_type=\"container\" data-e-type=\"container\" data-settings=\"{&quot;background_background&quot;:&quot;slideshow&quot;,&quot;background_slideshow_gallery&quot;:[{&quot;id&quot;:2749,&quot;url&quot;:&quot;https:\\\/\\\/xalarexperiences.com\\\/wp-content\\\/uploads\\\/2025\\\/02\\\/costa-brava-10-1.jpg&quot;},{&quot;id&quot;:2748,&quot;url&quot;:&quot;https:\\\/\\\/xalarexperiences.com\\\/wp-content\\\/uploads\\\/2025\\\/02\\\/costa-brava-1-1.jpg&quot;},{&quot;id&quot;:2753,&quot;url&quot;:&quot;https:\\\/\\\/xalarexperiences.com\\\/wp-content\\\/uploads\\\/2025\\\/02\\\/costa-brava-4-1.jpg&quot;}],&quot;background_slideshow_loop&quot;:&quot;yes&quot;,&quot;background_slideshow_slide_duration&quot;:5000,&quot;background_slideshow_slide_transition&quot;:&quot;fade&quot;,&quot;background_slideshow_transition_duration&quot;:500}\">\n\t\t\t\t\t<div class=\"e-con-inner\">\n\t\t\t\t\t<\/div>\n\t\t\t\t<\/div>\n\t\t\t\t<\/div>\n\t\t<div class=\"elementor-element elementor-element-8676017 e-flex e-con-boxed e-con e-parent\" data-id=\"8676017\" data-element_type=\"container\" data-e-type=\"container\">\n\t\t\t\t\t<div class=\"e-con-inner\">\n\t\t<div class=\"elementor-element elementor-element-3e754e2 e-con-full e-flex e-con e-child\" data-id=\"3e754e2\" data-element_type=\"container\" data-e-type=\"container\">\n\t\t<div class=\"elementor-element elementor-element-4e918de e-con-full e-flex elementor-invisible e-con e-child\" data-id=\"4e918de\" data-element_type=\"container\" data-e-type=\"container\" data-settings=\"{&quot;background_background&quot;:&quot;slideshow&quot;,&quot;animation&quot;:&quot;zoomIn&quot;,&quot;background_slideshow_gallery&quot;:[],&quot;background_slideshow_loop&quot;:&quot;yes&quot;,&quot;background_slideshow_slide_duration&quot;:5000,&quot;background_slideshow_slide_transition&quot;:&quot;fade&quot;,&quot;background_slideshow_transition_duration&quot;:500}\">\n\t\t\t\t<div class=\"elementor-element elementor-element-6d6bb03 elementor-align-center elementor-widget elementor-widget-button\" data-id=\"6d6bb03\" data-element_type=\"widget\" data-e-type=\"widget\" data-widget_type=\"button.default\">\n\t\t\t\t<div class=\"elementor-widget-container\">\n\t\t\t\t\t\t\t\t\t<div class=\"elementor-button-wrapper\">\n\t\t\t\t\t<a class=\"elementor-button elementor-button-link elementor-size-sm\" href=\"https:\/\/xalarexperiences.com\/es\/formulario-destinos-nacionales\/\">\n\t\t\t\t\t\t<span class=\"elementor-button-content-wrapper\">\n\t\t\t\t\t\t\t\t\t<span class=\"elementor-button-text\">Solicitar informaci\u00f3n<\/span>\n\t\t\t\t\t<\/span>\n\t\t\t\t\t<\/a>\n\t\t\t\t<\/div>\n\t\t\t\t\t\t\t\t<\/div>\n\t\t\t\t<\/div>\n\t\t\t\t<\/div>\n\t\t\t\t<\/div>\n\t\t\t\t\t<\/div>\n\t\t\t\t<\/div>\n\t\t\t\t<\/div>\n\t\t","protected":false},"excerpt":{"rendered":"<p>Costa Brava Vive la Magia de Experiencias Inolvidables D\u00e9jate cautivar por la magia de su litoral, las calas escondidas y los paisajes mediterr\u00e1neos. Ad\u00e9ntrate en su rica historia, disfruta de una gastronom\u00eda excepcional y vive momentos transformadores rodeado de un entorno natural incomparable. Solicitar informaci\u00f3n<\/p>\n","protected":false},"author":1,"featured_media":0,"parent":0,"menu_order":0,"comment_status":"closed","ping_status":"closed","template":"elementor_header_footer","meta":{"_exactmetrics_skip_tracking":false,"_exactmetrics_sitenote_active":false,"_exactmetrics_sitenote_note":"","_exactmetrics_sitenote_category":0,"footnotes":""},"class_list":["post-4383","page","type-page","status-publish","hentry"],"_links":{"self":[{"href":"https:\/\/xalarexperiences.com\/es\/wp-json\/wp\/v2\/pages\/4383","targetHints":{"allow":["GET"]}}],"collection":[{"href":"https:\/\/xalarexperiences.com\/es\/wp-json\/wp\/v2\/pages"}],"about":[{"href":"https:\/\/xalarexperiences.com\/es\/wp-json\/wp\/v2\/types\/page"}],"author":[{"embeddable":true,"href":"https:\/\/xalarexperiences.com\/es\/wp-json\/wp\/v2\/users\/1"}],"replies":[{"embeddable":true,"href":"https:\/\/xalarexperiences.com\/es\/wp-json\/wp\/v2\/comments?post=4383"}],"version-history":[{"count":3,"href":"https:\/\/xalarexperiences.com\/es\/wp-json\/wp\/v2\/pages\/4383\/revisions"}],"predecessor-version":[{"id":5288,"href":"https:\/\/xalarexperiences.com\/es\/wp-json\/wp\/v2\/pages\/4383\/revisions\/5288"}],"wp:attachment":[{"href":"https:\/\/xalarexperiences.com\/es\/wp-json\/wp\/v2\/media?parent=4383"}],"curies":[{"name":"wp","href":"https:\/\/api.w.org\/{rel}","templated":true}]}}