{"id":4380,"date":"2025-01-08T08:37:56","date_gmt":"2025-01-08T08:37:56","guid":{"rendered":"https:\/\/xalarexperiences.com\/vivir-en-el-emporda\/"},"modified":"2025-03-05T11:51:17","modified_gmt":"2025-03-05T11:51:17","slug":"vivir-en-el-emporda","status":"publish","type":"page","link":"https:\/\/xalarexperiences.com\/es\/vivir-en-el-emporda\/","title":{"rendered":"Vivir en el Empord\u00e0"},"content":{"rendered":"\t\t<div data-elementor-type=\"wp-page\" data-elementor-id=\"4380\" class=\"elementor elementor-4380 elementor-825\" data-elementor-post-type=\"page\">\n\t\t\t\t<div class=\"elementor-element elementor-element-7b5bef1a e-flex e-con-boxed e-con e-parent\" data-id=\"7b5bef1a\" data-element_type=\"container\" data-e-type=\"container\" data-settings=\"{&quot;background_background&quot;:&quot;classic&quot;}\">\n\t\t\t\t\t<div class=\"e-con-inner\">\n\t\t\t\t<div class=\"elementor-element elementor-element-61a1916 elementor-widget elementor-widget-heading\" data-id=\"61a1916\" data-element_type=\"widget\" data-e-type=\"widget\" data-widget_type=\"heading.default\">\n\t\t\t\t<div class=\"elementor-widget-container\">\n\t\t\t\t\t<h2 class=\"elementor-heading-title elementor-size-default\">VIVIR EN EL EMPORD\u00c0<\/h2>\t\t\t\t<\/div>\n\t\t\t\t<\/div>\n\t\t\t\t<div class=\"elementor-element elementor-element-b0e0fbc elementor-widget elementor-widget-text-editor\" data-id=\"b0e0fbc\" data-element_type=\"widget\" data-e-type=\"widget\" data-widget_type=\"text-editor.default\">\n\t\t\t\t<div class=\"elementor-widget-container\">\n\t\t\t\t\t\t\t\t\t<p>Venta de villas y mas\u00edas exclusivas en zonas cercanas a la costa o al interior, en medio de la naturaleza.<br> Descubre tu id\u00edlico refugio en el Empord\u00e0 desde el que puedas sentir la esencia del entorno desde tu casa.<\/p>\t\t\t\t\t\t\t\t<\/div>\n\t\t\t\t<\/div>\n\t\t\t\t\t<\/div>\n\t\t\t\t<\/div>\n\t\t<div class=\"elementor-element elementor-element-75dc262 e-con-full e-flex e-con e-parent\" data-id=\"75dc262\" data-element_type=\"container\" data-e-type=\"container\" data-settings=\"{&quot;background_background&quot;:&quot;classic&quot;}\">\n\t\t<div class=\"elementor-element elementor-element-de4abf4 e-con-full e-flex e-con e-child\" data-id=\"de4abf4\" data-element_type=\"container\" data-e-type=\"container\" data-settings=\"{&quot;background_background&quot;:&quot;classic&quot;}\">\n\t\t\t\t<div class=\"elementor-element elementor-element-9a68af7 elementor-invisible elementor-widget elementor-widget-icon-box\" data-id=\"9a68af7\" data-element_type=\"widget\" data-e-type=\"widget\" data-settings=\"{&quot;_animation&quot;:&quot;fadeInUp&quot;}\" data-widget_type=\"icon-box.default\">\n\t\t\t\t<div class=\"elementor-widget-container\">\n\t\t\t\t\t\t\t<div class=\"elementor-icon-box-wrapper\">\n\n\t\t\t\n\t\t\t\t\t\t<div class=\"elementor-icon-box-content\">\n\n\t\t\t\t\t\t\t\t\t<h3 class=\"elementor-icon-box-title\">\n\t\t\t\t\t\t<span  >\n\t\t\t\t\t\t\tVillas y mas\u00edas \u00fanicas en el Empord\u00e0\t\t\t\t\t\t<\/span>\n\t\t\t\t\t<\/h3>\n\t\t\t\t\n\t\t\t\t\t\t\t\t\t<p class=\"elementor-icon-box-description\">\n\t\t\t\t\t\t\n<p style=\"color: #5e6264;text-align: justify\">\nOfrecemos una selecci\u00f3n exclusiva de villas modernas y mas\u00edas tradicionales, perfectamente integradas en los paisajes del Empord\u00e0. Ya sea cerca de la costa o en el interior. Cada alojamiento destaca por su autenticidad, confort y conexi\u00f3n con el entorno natural.\n Encuentra tu refugio perfecto, donde podr\u00e1s relajarte y disfrutar de una estancia \u00fanica que combina la belleza del territorio con la elegancia y exclusividad.  \n<\/p>\n\t\t\t\t\t<\/p>\n\t\t\t\t\n\t\t\t<\/div>\n\t\t\t\n\t\t<\/div>\n\t\t\t\t\t\t<\/div>\n\t\t\t\t<\/div>\n\t\t\t\t<\/div>\n\t\t<div class=\"elementor-element elementor-element-01d2a0c e-con-full e-flex elementor-invisible e-con e-child\" data-id=\"01d2a0c\" data-element_type=\"container\" data-e-type=\"container\" data-settings=\"{&quot;background_background&quot;:&quot;slideshow&quot;,&quot;animation&quot;:&quot;zoomIn&quot;,&quot;background_slideshow_gallery&quot;:[{&quot;id&quot;:2477,&quot;url&quot;:&quot;https:\\\/\\\/xalarexperiences.com\\\/wp-content\\\/uploads\\\/2025\\\/02\\\/Xalar33-scaled.jpg&quot;},{&quot;id&quot;:2476,&quot;url&quot;:&quot;https:\\\/\\\/xalarexperiences.com\\\/wp-content\\\/uploads\\\/2025\\\/02\\\/Xalar32-scaled.jpg&quot;}],&quot;background_slideshow_loop&quot;:&quot;yes&quot;,&quot;background_slideshow_slide_duration&quot;:5000,&quot;background_slideshow_slide_transition&quot;:&quot;fade&quot;,&quot;background_slideshow_transition_duration&quot;:500}\">\n\t\t\t\t<\/div>\n\t\t\t\t<\/div>\n\t\t<div class=\"elementor-element elementor-element-be23e06 e-con-full elementor-hidden-tablet elementor-hidden-mobile elementor-hidden-mobile_extra e-flex e-con e-parent\" data-id=\"be23e06\" data-element_type=\"container\" data-e-type=\"container\">\n\t\t<div class=\"elementor-element elementor-element-9e0847b e-con-full e-flex elementor-invisible e-con e-child\" data-id=\"9e0847b\" data-element_type=\"container\" data-e-type=\"container\" data-settings=\"{&quot;background_background&quot;:&quot;slideshow&quot;,&quot;animation&quot;:&quot;zoomIn&quot;,&quot;background_slideshow_gallery&quot;:[{&quot;id&quot;:2473,&quot;url&quot;:&quot;https:\\\/\\\/xalarexperiences.com\\\/wp-content\\\/uploads\\\/2025\\\/02\\\/Xalar29.jpg&quot;},{&quot;id&quot;:2474,&quot;url&quot;:&quot;https:\\\/\\\/xalarexperiences.com\\\/wp-content\\\/uploads\\\/2025\\\/02\\\/Xalar30-scaled.jpg&quot;}],&quot;background_slideshow_loop&quot;:&quot;yes&quot;,&quot;background_slideshow_slide_duration&quot;:5000,&quot;background_slideshow_slide_transition&quot;:&quot;fade&quot;,&quot;background_slideshow_transition_duration&quot;:500}\">\n\t\t\t\t<\/div>\n\t\t<div class=\"elementor-element elementor-element-98a9fbd e-con-full e-flex elementor-invisible e-con e-child\" data-id=\"98a9fbd\" data-element_type=\"container\" data-e-type=\"container\" data-settings=\"{&quot;background_background&quot;:&quot;slideshow&quot;,&quot;animation&quot;:&quot;zoomIn&quot;,&quot;background_slideshow_gallery&quot;:[{&quot;id&quot;:2461,&quot;url&quot;:&quot;https:\\\/\\\/xalarexperiences.com\\\/wp-content\\\/uploads\\\/2025\\\/02\\\/Xalar17-scaled.jpg&quot;},{&quot;id&quot;:2458,&quot;url&quot;:&quot;https:\\\/\\\/xalarexperiences.com\\\/wp-content\\\/uploads\\\/2025\\\/02\\\/Xalar14-scaled.jpg&quot;}],&quot;background_slideshow_loop&quot;:&quot;yes&quot;,&quot;background_slideshow_slide_duration&quot;:5000,&quot;background_slideshow_slide_transition&quot;:&quot;fade&quot;,&quot;background_slideshow_transition_duration&quot;:500}\">\n\t\t\t\t<\/div>\n\t\t\t\t<\/div>\n\t\t<div class=\"elementor-element elementor-element-6be4537 e-flex e-con-boxed e-con e-parent\" data-id=\"6be4537\" data-element_type=\"container\" data-e-type=\"container\">\n\t\t\t\t\t<div class=\"e-con-inner\">\n\t\t<div class=\"elementor-element elementor-element-6850059 e-con-full e-flex e-con e-child\" data-id=\"6850059\" data-element_type=\"container\" data-e-type=\"container\">\n\t\t<div class=\"elementor-element elementor-element-555f3ca e-con-full e-flex elementor-invisible e-con e-child\" data-id=\"555f3ca\" data-element_type=\"container\" data-e-type=\"container\" data-settings=\"{&quot;background_background&quot;:&quot;slideshow&quot;,&quot;animation&quot;:&quot;zoomIn&quot;,&quot;background_slideshow_gallery&quot;:[],&quot;background_slideshow_loop&quot;:&quot;yes&quot;,&quot;background_slideshow_slide_duration&quot;:5000,&quot;background_slideshow_slide_transition&quot;:&quot;fade&quot;,&quot;background_slideshow_transition_duration&quot;:500}\">\n\t\t\t\t<div class=\"elementor-element elementor-element-b9f4890 elementor-align-center elementor-widget elementor-widget-button\" data-id=\"b9f4890\" data-element_type=\"widget\" data-e-type=\"widget\" data-widget_type=\"button.default\">\n\t\t\t\t<div class=\"elementor-widget-container\">\n\t\t\t\t\t\t\t\t\t<div class=\"elementor-button-wrapper\">\n\t\t\t\t\t<a class=\"elementor-button elementor-button-link elementor-size-sm\" href=\"https:\/\/xalarexperiences.com\/es\/formulario-vivir-en-el-emporda\/\">\n\t\t\t\t\t\t<span class=\"elementor-button-content-wrapper\">\n\t\t\t\t\t\t\t\t\t<span class=\"elementor-button-text\">Solicitar informaci\u00f3n<\/span>\n\t\t\t\t\t<\/span>\n\t\t\t\t\t<\/a>\n\t\t\t\t<\/div>\n\t\t\t\t\t\t\t\t<\/div>\n\t\t\t\t<\/div>\n\t\t\t\t<\/div>\n\t\t\t\t<\/div>\n\t\t\t\t\t<\/div>\n\t\t\t\t<\/div>\n\t\t\t\t<\/div>\n\t\t","protected":false},"excerpt":{"rendered":"<p>VIVIR EN EL EMPORD\u00c0 Venta de villas y mas\u00edas exclusivas en zonas cercanas a la costa o al interior, en medio de la naturaleza. Descubre tu id\u00edlico refugio en el Empord\u00e0 desde el que puedas sentir la esencia del entorno desde tu casa. Villas y mas\u00edas \u00fanicas en el Empord\u00e0 Ofrecemos una selecci\u00f3n exclusiva de [&hellip;]<\/p>\n","protected":false},"author":1,"featured_media":0,"parent":0,"menu_order":0,"comment_status":"closed","ping_status":"closed","template":"elementor_header_footer","meta":{"_exactmetrics_skip_tracking":false,"_exactmetrics_sitenote_active":false,"_exactmetrics_sitenote_note":"","_exactmetrics_sitenote_category":0,"footnotes":""},"class_list":["post-4380","page","type-page","status-publish","hentry"],"_links":{"self":[{"href":"https:\/\/xalarexperiences.com\/es\/wp-json\/wp\/v2\/pages\/4380","targetHints":{"allow":["GET"]}}],"collection":[{"href":"https:\/\/xalarexperiences.com\/es\/wp-json\/wp\/v2\/pages"}],"about":[{"href":"https:\/\/xalarexperiences.com\/es\/wp-json\/wp\/v2\/types\/page"}],"author":[{"embeddable":true,"href":"https:\/\/xalarexperiences.com\/es\/wp-json\/wp\/v2\/users\/1"}],"replies":[{"embeddable":true,"href":"https:\/\/xalarexperiences.com\/es\/wp-json\/wp\/v2\/comments?post=4380"}],"version-history":[{"count":3,"href":"https:\/\/xalarexperiences.com\/es\/wp-json\/wp\/v2\/pages\/4380\/revisions"}],"predecessor-version":[{"id":5695,"href":"https:\/\/xalarexperiences.com\/es\/wp-json\/wp\/v2\/pages\/4380\/revisions\/5695"}],"wp:attachment":[{"href":"https:\/\/xalarexperiences.com\/es\/wp-json\/wp\/v2\/media?parent=4380"}],"curies":[{"name":"wp","href":"https:\/\/api.w.org\/{rel}","templated":true}]}}