{"id":4379,"date":"2025-01-09T09:12:50","date_gmt":"2025-01-09T09:12:50","guid":{"rendered":"https:\/\/xalarexperiences.com\/aviso-legal\/"},"modified":"2025-03-04T17:46:55","modified_gmt":"2025-03-04T17:46:55","slug":"aviso-legal","status":"publish","type":"page","link":"https:\/\/xalarexperiences.com\/es\/aviso-legal\/","title":{"rendered":"Aviso legal"},"content":{"rendered":"\t\t<div data-elementor-type=\"wp-page\" data-elementor-id=\"4379\" class=\"elementor elementor-4379 elementor-990\" data-elementor-post-type=\"page\">\n\t\t\t\t<div class=\"elementor-element elementor-element-c9591b5 e-flex e-con-boxed e-con e-parent\" data-id=\"c9591b5\" data-element_type=\"container\" data-e-type=\"container\" data-settings=\"{&quot;background_background&quot;:&quot;classic&quot;}\">\n\t\t\t\t\t<div class=\"e-con-inner\">\n\t\t\t\t<div class=\"elementor-element elementor-element-7102982 elementor-widget elementor-widget-heading\" data-id=\"7102982\" data-element_type=\"widget\" data-e-type=\"widget\" data-widget_type=\"heading.default\">\n\t\t\t\t<div class=\"elementor-widget-container\">\n\t\t\t\t\t<h2 class=\"elementor-heading-title elementor-size-default\">Aviso legal<\/h2>\t\t\t\t<\/div>\n\t\t\t\t<\/div>\n\t\t\t\t<div class=\"elementor-element elementor-element-0519e40 elementor-widget elementor-widget-text-editor\" data-id=\"0519e40\" data-element_type=\"widget\" data-e-type=\"widget\" data-widget_type=\"text-editor.default\">\n\t\t\t\t<div class=\"elementor-widget-container\">\n\t\t\t\t\t\t\t\t\t<div class=\"elementor-element elementor-element-6a80c30 elementor-widget elementor-widget-heading\" data-id=\"6a80c30\" data-element_type=\"widget\" data-widget_type=\"heading.default\">\n  <div class=\"elementor-widget-container\">\n    <h4 style=\"color: black;\"><strong>CONDICIONES DE USO<\/strong><\/h4>\n    En cumplimiento de la Ley 34\/2002, de 11 de julio, de servicios de la sociedad de la informaci\u00f3n y de comercio electr\u00f3nico, le informamos que Xalar Experiences es titular del sitio web\u00a0<a href=\"http:\/\/www.xalarexperiences.com\/\" target=\"_blank\" rel=\"noopener noreferrer\" style=\"color: black;\">www.xalarexperiences.com<\/a>, con domicilio en C\/Carme, 27, La Bisbal d\u2019Empord\u00e0 (17100), Girona, Espa\u00f1a, con identificaci\u00f3n fiscal 41576090W. Puede contactar con nosotros por tel\u00e9fono al +34 649 163 016 o a la direcci\u00f3n de correo electr\u00f3nico\u00a0<a href=\"mailto:hello@xalarexperiences.com\" target=\"_blank\" rel=\"noopener noreferrer\" style=\"color: black;\">hello@xalarexperiences.com<\/a>.\n    <h4 style=\"color: black;\"><strong>LIMITACI\u00d3N DE RESPONSABILIDAD<\/strong><\/h4>\n    Xalar Experiences no se responsabiliza del mal uso que se realice de los contenidos de su p\u00e1gina web, siendo exclusiva responsabilidad de la persona que accede a ellos o que los utiliza.\n    <br><br>\n    Xalar Experiences declara haber adoptado todas las medidas necesarias para evitar cualquier da\u00f1o que, a los usuarios de su sitio web, pudiera derivarse de la navegaci\u00f3n por su p\u00e1gina web. En consecuencia, Xalar Experiences no se hace responsable, en ning\u00fan caso, de los eventuales da\u00f1os que por la navegaci\u00f3n en Internet pudiera sufrir el usuario.\n    <h4 style=\"color: black;\"><strong>POL\u00cdTICA DE ENLACES<\/strong><\/h4>\n    Xalar Experiences no se hace responsable del contenido ni de la informaci\u00f3n de las p\u00e1ginas web de terceros a las que el usuario pueda acceder a trav\u00e9s de los enlaces establecidos en nuestro sitio web. Asimismo, tampoco garantizar\u00e1 la disponibilidad t\u00e9cnica, exactitud, veracidad, validez o legalidad de p\u00e1ginas ajenas a su propiedad a las que se pueda acceder mediante los enlaces.\n    <br><br>\n    Xalar Experiences no se hace responsable del contenido ni de la informaci\u00f3n de las p\u00e1ginas web de terceros a las que el usuario pueda acceder a trav\u00e9s de los enlaces establecidos en nuestro sitio web. Asimismo, tampoco garantizar\u00e1 la disponibilidad t\u00e9cnica, exactitud, veracidad, validez o legalidad de p\u00e1ginas ajenas a su propiedad a las que se pueda acceder mediante los enlaces.\n    <h4 style=\"color: black;\"><strong>MODIFICACIONES<\/strong><\/h4>\n    Xalar Experiences se reserva el derecho de realizar las modificaciones que considere oportunas, sin previo aviso, del contenido de su sitio web, tanto en lo que respecta a los contenidos del web, como en las condiciones de uso del mismo.\n    <h4 style=\"color: black;\"><strong>COMPROMISOS Y OBLIGACIONES CON NUESTROS USUARIOS<\/strong><\/h4>\n    El usuario queda informado y acepta que el acceso a\u00a0<a href=\"http:\/\/www.xalarexperiences.com\/\" target=\"_blank\" rel=\"noopener noreferrer\" style=\"color: black;\">www.xalarexperiences.com<\/a>\u00a0no supone, de ninguna manera, el inicio de una relaci\u00f3n comercial con Xalar Experiences. De esta manera, el usuario se compromete a utilizar el sitio web, sus servicios y contenidos sin contravenir la legislaci\u00f3n vigente, la buena fe y el orden p\u00fablico. Queda prohibido el uso del web con fines il\u00edcitos o lesivos, o que, de cualquier forma, puedan causar perjuicio o impedir el normal funcionamiento del sitio web.\n    <br><br>\n    El acceso y\/o uso de la p\u00e1gina web\u00a0<a href=\"http:\/\/www.xalarexperiences.com\/\" target=\"_blank\" rel=\"noopener noreferrer\" style=\"color: black;\">www.xalarexperiences.com<\/a>\u00a0atribuye a quien lo realiza la condici\u00f3n de usuario, aceptando, desde ese mismo momento, plenamente y sin reserva alguna, el presente Aviso Legal en relaci\u00f3n con determinados servicios y contenidos.\n    <br><br>\n    En la utilizaci\u00f3n del web de Xalar Experiences, el usuario se compromete a no llevar a cabo ninguna conducta que pudiera da\u00f1ar la imagen, los intereses y los derechos de Xalar Experiences o de terceros o que pudiera da\u00f1ar, inutilizar o sobrecargar la web, impidiendo, de cualquier forma, el normal uso del sitio web\u00a0<a href=\"http:\/\/www.xalarexperiences.com\/\" target=\"_blank\" rel=\"noopener noreferrer\" style=\"color: black;\">www.xalarexperiences.com<\/a>.\n    <h4 style=\"color: black;\"><strong>PROPIEDAD INTELECTUAL Y DERECHOS DE AUTOR<\/strong><\/h4>\n    Esta web combina contenido propio con im\u00e1genes de libre uso y difusi\u00f3n. Este tipo de im\u00e1genes pueden ser sustituidas a medida que Xalar Experiences genere m\u00e1s contenido propio con su actividad.\n    <br><br>\n    Los contenidos que se muestran en esta web y, en especial, los dise\u00f1os, textos, im\u00e1genes o fotograf\u00edas de proyectos, gr\u00e1ficos, logos, iconos, botones, nombres comerciales, marcas o cualquier otro signo susceptible de utilizaci\u00f3n a nivel comercial o industrial, est\u00e1n sujetos a la legislaci\u00f3n en materia de propiedad intelectual e industrial y son propiedad de Xalar Experiences o de aquellos terceros titulares que hayan autorizado debidamente su inclusi\u00f3n en esta web.\n    <br><br>\n    En ning\u00fan caso se entender\u00e1 concedida licencia alguna o renuncia, transmisi\u00f3n, cesi\u00f3n total o parcial de estos derechos ni concesi\u00f3n de derecho ni expectativa de derecho, y especialmente, de alteraci\u00f3n, explotaci\u00f3n, reproducci\u00f3n, distribuci\u00f3n o comunicaci\u00f3n p\u00fablica sobre estos contenidos sin la previa autorizaci\u00f3n expresa de Xalar Experiences. Por otro lado, mediante las presentes condiciones, el usuario se obliga a no reproducir de ninguna manera esta web, as\u00ed como ninguno de sus contenidos, excepto autorizaci\u00f3n expresa y por escrito de Xalar Experiences. Xalar Experiences no puede controlar la informaci\u00f3n, contenidos, productos o servicios facilitados por otros sitios web que tengan establecidos enlaces con destino a esta web. Por este motivo, no nos hacemos responsables de ning\u00fan aspecto relativo a estos sitios web.\n  <\/div>\n<\/div>\n\t\t\t\t\t\t\t\t<\/div>\n\t\t\t\t<\/div>\n\t\t\t\t\t<\/div>\n\t\t\t\t<\/div>\n\t\t\t\t<\/div>\n\t\t","protected":false},"excerpt":{"rendered":"<p>Aviso legal CONDICIONES DE USO En cumplimiento de la Ley 34\/2002, de 11 de julio, de servicios de la sociedad de la informaci\u00f3n y de comercio electr\u00f3nico, le informamos que Xalar Experiences es titular del sitio web\u00a0www.xalarexperiences.com, con domicilio en C\/Carme, 27, La Bisbal d\u2019Empord\u00e0 (17100), Girona, Espa\u00f1a, con identificaci\u00f3n fiscal 41576090W. Puede contactar con [&hellip;]<\/p>\n","protected":false},"author":1,"featured_media":0,"parent":0,"menu_order":0,"comment_status":"closed","ping_status":"closed","template":"","meta":{"_exactmetrics_skip_tracking":false,"_exactmetrics_sitenote_active":false,"_exactmetrics_sitenote_note":"","_exactmetrics_sitenote_category":0,"footnotes":""},"class_list":["post-4379","page","type-page","status-publish","hentry"],"_links":{"self":[{"href":"https:\/\/xalarexperiences.com\/es\/wp-json\/wp\/v2\/pages\/4379","targetHints":{"allow":["GET"]}}],"collection":[{"href":"https:\/\/xalarexperiences.com\/es\/wp-json\/wp\/v2\/pages"}],"about":[{"href":"https:\/\/xalarexperiences.com\/es\/wp-json\/wp\/v2\/types\/page"}],"author":[{"embeddable":true,"href":"https:\/\/xalarexperiences.com\/es\/wp-json\/wp\/v2\/users\/1"}],"replies":[{"embeddable":true,"href":"https:\/\/xalarexperiences.com\/es\/wp-json\/wp\/v2\/comments?post=4379"}],"version-history":[{"count":3,"href":"https:\/\/xalarexperiences.com\/es\/wp-json\/wp\/v2\/pages\/4379\/revisions"}],"predecessor-version":[{"id":5002,"href":"https:\/\/xalarexperiences.com\/es\/wp-json\/wp\/v2\/pages\/4379\/revisions\/5002"}],"wp:attachment":[{"href":"https:\/\/xalarexperiences.com\/es\/wp-json\/wp\/v2\/media?parent=4379"}],"curies":[{"name":"wp","href":"https:\/\/api.w.org\/{rel}","templated":true}]}}