{"id":4373,"date":"2025-01-08T10:04:13","date_gmt":"2025-01-08T10:04:13","guid":{"rendered":"https:\/\/xalarexperiences.com\/ibiza\/"},"modified":"2025-02-14T14:03:57","modified_gmt":"2025-02-14T14:03:57","slug":"ibiza","status":"publish","type":"page","link":"https:\/\/xalarexperiences.com\/es\/ibiza\/","title":{"rendered":"Ibiza"},"content":{"rendered":"\t\t<div data-elementor-type=\"wp-page\" data-elementor-id=\"4373\" class=\"elementor elementor-4373 elementor-856\" data-elementor-post-type=\"page\">\n\t\t\t\t<div class=\"elementor-element elementor-element-7b5bef1a e-flex e-con-boxed e-con e-parent\" data-id=\"7b5bef1a\" data-element_type=\"container\" data-e-type=\"container\" data-settings=\"{&quot;background_background&quot;:&quot;classic&quot;}\">\n\t\t\t\t\t<div class=\"e-con-inner\">\n\t\t\t\t<div class=\"elementor-element elementor-element-61a1916 elementor-widget elementor-widget-heading\" data-id=\"61a1916\" data-element_type=\"widget\" data-e-type=\"widget\" data-widget_type=\"heading.default\">\n\t\t\t\t<div class=\"elementor-widget-container\">\n\t\t\t\t\t<h1 class=\"elementor-heading-title elementor-size-default\">Ibiza<\/h1>\t\t\t\t<\/div>\n\t\t\t\t<\/div>\n\t\t\t\t<div class=\"elementor-element elementor-element-13f71d4 elementor-widget elementor-widget-heading\" data-id=\"13f71d4\" data-element_type=\"widget\" data-e-type=\"widget\" data-widget_type=\"heading.default\">\n\t\t\t\t<div class=\"elementor-widget-container\">\n\t\t\t\t\t<h2 class=\"elementor-heading-title elementor-size-default\">Vive la esencia de la isla blanca<\/h2>\t\t\t\t<\/div>\n\t\t\t\t<\/div>\n\t\t\t\t<div class=\"elementor-element elementor-element-b0e0fbc elementor-widget elementor-widget-text-editor\" data-id=\"b0e0fbc\" data-element_type=\"widget\" data-e-type=\"widget\" data-widget_type=\"text-editor.default\">\n\t\t\t\t<div class=\"elementor-widget-container\">\n\t\t\t\t\t\t\t\t\t<p>Ofrecemos experiencias personalizadas que combinan la magia de las playas paradis\u00edacas, la riqueza cultural y la<br \/>tranquilidad de su naturaleza.<br \/>Vive Ibiza como nunca antes con Xalar Experiences. Ofrecemos experiencias \u00fanicas dise\u00f1adas para conectarte<br \/>con la esencia m\u00e1s aut\u00e9ntica de la isla. Desde rincones naturales escondidos hasta momentos m\u00e1gicos bajo el cielo estrellado,<br \/>te llevamos a descubrir la tranquilidad, la cultura y la belleza que hacen de Ibiza un sitio especial.<\/p>\t\t\t\t\t\t\t\t<\/div>\n\t\t\t\t<\/div>\n\t\t\t\t\t<\/div>\n\t\t\t\t<\/div>\n\t\t<div class=\"elementor-element elementor-element-6f5b700 e-con-full e-flex e-con e-parent\" data-id=\"6f5b700\" data-element_type=\"container\" data-e-type=\"container\">\n\t\t<div class=\"elementor-element elementor-element-869c511 e-flex e-con-boxed e-con e-child\" data-id=\"869c511\" data-element_type=\"container\" data-e-type=\"container\" data-settings=\"{&quot;background_background&quot;:&quot;slideshow&quot;,&quot;background_slideshow_gallery&quot;:[{&quot;id&quot;:5292,&quot;url&quot;:&quot;https:\\\/\\\/xalarexperiences.com\\\/wp-content\\\/uploads\\\/2025\\\/02\\\/eivissa-6-1-scaled-1.jpg&quot;},{&quot;id&quot;:5295,&quot;url&quot;:&quot;https:\\\/\\\/xalarexperiences.com\\\/wp-content\\\/uploads\\\/2025\\\/02\\\/eivissa-4-1-scaled-1.jpg&quot;},{&quot;id&quot;:5298,&quot;url&quot;:&quot;https:\\\/\\\/xalarexperiences.com\\\/wp-content\\\/uploads\\\/2025\\\/02\\\/eivissa-1-1-1.jpg&quot;}],&quot;background_slideshow_loop&quot;:&quot;yes&quot;,&quot;background_slideshow_slide_duration&quot;:5000,&quot;background_slideshow_slide_transition&quot;:&quot;fade&quot;,&quot;background_slideshow_transition_duration&quot;:500}\">\n\t\t\t\t\t<div class=\"e-con-inner\">\n\t\t\t\t\t<\/div>\n\t\t\t\t<\/div>\n\t\t<div class=\"elementor-element elementor-element-bafd4aa e-flex e-con-boxed e-con e-child\" data-id=\"bafd4aa\" data-element_type=\"container\" data-e-type=\"container\" data-settings=\"{&quot;background_background&quot;:&quot;slideshow&quot;,&quot;background_slideshow_gallery&quot;:[{&quot;id&quot;:5301,&quot;url&quot;:&quot;https:\\\/\\\/xalarexperiences.com\\\/wp-content\\\/uploads\\\/2025\\\/02\\\/eivissa-5-1-scaled-1.jpg&quot;},{&quot;id&quot;:5304,&quot;url&quot;:&quot;https:\\\/\\\/xalarexperiences.com\\\/wp-content\\\/uploads\\\/2025\\\/02\\\/eivissa-7-1-scaled-1.jpg&quot;},{&quot;id&quot;:5307,&quot;url&quot;:&quot;https:\\\/\\\/xalarexperiences.com\\\/wp-content\\\/uploads\\\/2025\\\/02\\\/eivissa-2-1-1.jpg&quot;}],&quot;background_slideshow_loop&quot;:&quot;yes&quot;,&quot;background_slideshow_slide_duration&quot;:5000,&quot;background_slideshow_slide_transition&quot;:&quot;fade&quot;,&quot;background_slideshow_transition_duration&quot;:500}\">\n\t\t\t\t\t<div class=\"e-con-inner\">\n\t\t\t\t\t<\/div>\n\t\t\t\t<\/div>\n\t\t\t\t<\/div>\n\t\t<div class=\"elementor-element elementor-element-52cce7f e-flex e-con-boxed e-con e-parent\" data-id=\"52cce7f\" data-element_type=\"container\" data-e-type=\"container\">\n\t\t\t\t\t<div class=\"e-con-inner\">\n\t\t<div class=\"elementor-element elementor-element-b1920f6 e-con-full e-flex e-con e-child\" data-id=\"b1920f6\" data-element_type=\"container\" data-e-type=\"container\">\n\t\t<div class=\"elementor-element elementor-element-50540b6 e-con-full e-flex elementor-invisible e-con e-child\" data-id=\"50540b6\" data-element_type=\"container\" data-e-type=\"container\" data-settings=\"{&quot;background_background&quot;:&quot;slideshow&quot;,&quot;animation&quot;:&quot;zoomIn&quot;,&quot;background_slideshow_gallery&quot;:[],&quot;background_slideshow_loop&quot;:&quot;yes&quot;,&quot;background_slideshow_slide_duration&quot;:5000,&quot;background_slideshow_slide_transition&quot;:&quot;fade&quot;,&quot;background_slideshow_transition_duration&quot;:500}\">\n\t\t\t\t<div class=\"elementor-element elementor-element-9942a8f elementor-align-center elementor-widget elementor-widget-button\" data-id=\"9942a8f\" data-element_type=\"widget\" data-e-type=\"widget\" data-widget_type=\"button.default\">\n\t\t\t\t<div class=\"elementor-widget-container\">\n\t\t\t\t\t\t\t\t\t<div class=\"elementor-button-wrapper\">\n\t\t\t\t\t<a class=\"elementor-button elementor-button-link elementor-size-sm\" href=\"https:\/\/xalarexperiences.com\/es\/formulario-destinos-nacionales\/\">\n\t\t\t\t\t\t<span class=\"elementor-button-content-wrapper\">\n\t\t\t\t\t\t\t\t\t<span class=\"elementor-button-text\">Solicitar informaci\u00f3n<\/span>\n\t\t\t\t\t<\/span>\n\t\t\t\t\t<\/a>\n\t\t\t\t<\/div>\n\t\t\t\t\t\t\t\t<\/div>\n\t\t\t\t<\/div>\n\t\t\t\t<\/div>\n\t\t\t\t<\/div>\n\t\t\t\t\t<\/div>\n\t\t\t\t<\/div>\n\t\t\t\t<\/div>\n\t\t","protected":false},"excerpt":{"rendered":"<p>Ibiza Vive la esencia de la isla blanca Ofrecemos experiencias personalizadas que combinan la magia de las playas paradis\u00edacas, la riqueza cultural y latranquilidad de su naturaleza.Vive Ibiza como nunca antes con Xalar Experiences. Ofrecemos experiencias \u00fanicas dise\u00f1adas para conectartecon la esencia m\u00e1s aut\u00e9ntica de la isla. Desde rincones naturales escondidos hasta momentos m\u00e1gicos bajo [&hellip;]<\/p>\n","protected":false},"author":1,"featured_media":0,"parent":0,"menu_order":0,"comment_status":"closed","ping_status":"closed","template":"elementor_header_footer","meta":{"_exactmetrics_skip_tracking":false,"_exactmetrics_sitenote_active":false,"_exactmetrics_sitenote_note":"","_exactmetrics_sitenote_category":0,"footnotes":""},"class_list":["post-4373","page","type-page","status-publish","hentry"],"_links":{"self":[{"href":"https:\/\/xalarexperiences.com\/es\/wp-json\/wp\/v2\/pages\/4373","targetHints":{"allow":["GET"]}}],"collection":[{"href":"https:\/\/xalarexperiences.com\/es\/wp-json\/wp\/v2\/pages"}],"about":[{"href":"https:\/\/xalarexperiences.com\/es\/wp-json\/wp\/v2\/types\/page"}],"author":[{"embeddable":true,"href":"https:\/\/xalarexperiences.com\/es\/wp-json\/wp\/v2\/users\/1"}],"replies":[{"embeddable":true,"href":"https:\/\/xalarexperiences.com\/es\/wp-json\/wp\/v2\/comments?post=4373"}],"version-history":[{"count":3,"href":"https:\/\/xalarexperiences.com\/es\/wp-json\/wp\/v2\/pages\/4373\/revisions"}],"predecessor-version":[{"id":5312,"href":"https:\/\/xalarexperiences.com\/es\/wp-json\/wp\/v2\/pages\/4373\/revisions\/5312"}],"wp:attachment":[{"href":"https:\/\/xalarexperiences.com\/es\/wp-json\/wp\/v2\/media?parent=4373"}],"curies":[{"name":"wp","href":"https:\/\/api.w.org\/{rel}","templated":true}]}}