{"id":4359,"date":"2024-12-12T08:48:56","date_gmt":"2024-12-12T08:48:56","guid":{"rendered":"https:\/\/xalarexperiences.com\/acerca-de-nosotros\/"},"modified":"2025-02-14T15:05:06","modified_gmt":"2025-02-14T15:05:06","slug":"acerca-de-nosotros","status":"publish","type":"page","link":"https:\/\/xalarexperiences.com\/es\/acerca-de-nosotros\/","title":{"rendered":"Acerca de Nosotros"},"content":{"rendered":"\t\t<div data-elementor-type=\"wp-page\" data-elementor-id=\"4359\" class=\"elementor elementor-4359 elementor-210\" data-elementor-post-type=\"page\">\n\t\t\t\t<div class=\"elementor-element elementor-element-ffa6422 e-flex e-con-boxed e-con e-parent\" data-id=\"ffa6422\" data-element_type=\"container\" data-e-type=\"container\" data-settings=\"{&quot;background_background&quot;:&quot;classic&quot;}\">\n\t\t\t\t\t<div class=\"e-con-inner\">\n\t\t<div class=\"elementor-element elementor-element-c2c53b e-con-full e-flex e-con e-child\" data-id=\"c2c53b\" data-element_type=\"container\" data-e-type=\"container\">\n\t\t\t\t<div class=\"elementor-element elementor-element-29259cfe elementor-widget-divider--view-line_text elementor-widget-divider--element-align-left elementor-invisible elementor-widget elementor-widget-divider\" data-id=\"29259cfe\" data-element_type=\"widget\" data-e-type=\"widget\" data-settings=\"{&quot;_animation&quot;:&quot;fadeInDown&quot;}\" data-widget_type=\"divider.default\">\n\t\t\t\t<div class=\"elementor-widget-container\">\n\t\t\t\t\t\t\t<div class=\"elementor-divider\">\n\t\t\t<span class=\"elementor-divider-separator\">\n\t\t\t\t\t\t\t<h2 class=\"elementor-divider__text elementor-divider__element\">\n\t\t\t\t<!-- x-tinymce\/html --><span style=\"color: var( --e-global-color-primary );\">Acerca de Nosotros<\/span>\t\t\t\t<\/h2>\n\t\t\t\t\t\t<\/span>\n\t\t<\/div>\n\t\t\t\t\t\t<\/div>\n\t\t\t\t<\/div>\n\t\t\t\t<div class=\"elementor-element elementor-element-7d6a0e80 elementor-widget elementor-widget-icon-box\" data-id=\"7d6a0e80\" data-element_type=\"widget\" data-e-type=\"widget\" data-widget_type=\"icon-box.default\">\n\t\t\t\t<div class=\"elementor-widget-container\">\n\t\t\t\t\t\t\t<div class=\"elementor-icon-box-wrapper\">\n\n\t\t\t\n\t\t\t\t\t\t<div class=\"elementor-icon-box-content\">\n\n\t\t\t\t\t\t\t\t\t<h2 class=\"elementor-icon-box-title\">\n\t\t\t\t\t\t<span  >\n\t\t\t\t\t\t\tCreando experiencias\t\t\t\t\t\t<\/span>\n\t\t\t\t\t<\/h2>\n\t\t\t\t\n\t\t\t\t\t\t\t\t\t<p class=\"elementor-icon-box-description\">\n\t\t\t\t\t\t\u201cXalar\u201d, una expresi\u00f3n arraigada en el Empord\u00e0 que se utiliza para describir un momento de alegr\u00eda y felicidad, pero\nal mismo tiempo denota y recuerda vivencias extraordinarias.\n<br><br>\n\nSeleccionamos cuidadosa y personalmente cada peque\u00f1o detalle de tus vacaciones para que disfrutes del Empord\u00e0 en la\ntu modo a trav\u00e9s de experiencias transformadoras llenas de valor.\n<br><br>\n\nTrabajamos exclusivamente con gente local para ofrecer experiencias aut\u00e9nticas, que te acerquen a su gente, a los suyos\ncostumbres y tradiciones y as\u00ed compartir el cari\u00f1o y el conocimiento que tenemos de nuestra tierra contigo.\t\t\t\t\t<\/p>\n\t\t\t\t\n\t\t\t<\/div>\n\t\t\t\n\t\t<\/div>\n\t\t\t\t\t\t<\/div>\n\t\t\t\t<\/div>\n\t\t\t\t<\/div>\n\t\t<div class=\"elementor-element elementor-element-40a60815 e-con-full e-flex elementor-invisible e-con e-child\" data-id=\"40a60815\" data-element_type=\"container\" data-e-type=\"container\" data-settings=\"{&quot;background_background&quot;:&quot;classic&quot;,&quot;animation&quot;:&quot;zoomIn&quot;}\">\n\t\t\t\t<div class=\"elementor-element elementor-element-1fed2f51 elementor-widget elementor-widget-image\" data-id=\"1fed2f51\" data-element_type=\"widget\" data-e-type=\"widget\" data-widget_type=\"image.default\">\n\t\t\t\t<div class=\"elementor-widget-container\">\n\t\t\t\t\t\t\t\t\t\t\t\t\t\t\t<img fetchpriority=\"high\" decoding=\"async\" width=\"1706\" height=\"2560\" src=\"https:\/\/xalarexperiences.com\/wp-content\/uploads\/2025\/02\/Xalar6-scaled.jpg\" class=\"attachment-full size-full wp-image-3704\" alt=\"\" srcset=\"https:\/\/xalarexperiences.com\/wp-content\/uploads\/2025\/02\/Xalar6-scaled.jpg 1706w, https:\/\/xalarexperiences.com\/wp-content\/uploads\/2025\/02\/Xalar6-200x300.jpg 200w, https:\/\/xalarexperiences.com\/wp-content\/uploads\/2025\/02\/Xalar6-682x1024.jpg 682w, https:\/\/xalarexperiences.com\/wp-content\/uploads\/2025\/02\/Xalar6-768x1152.jpg 768w, https:\/\/xalarexperiences.com\/wp-content\/uploads\/2025\/02\/Xalar6-1024x1536.jpg 1024w, https:\/\/xalarexperiences.com\/wp-content\/uploads\/2025\/02\/Xalar6-1365x2048.jpg 1365w\" sizes=\"(max-width: 1706px) 100vw, 1706px\" \/>\t\t\t\t\t\t\t\t\t\t\t\t\t\t\t<\/div>\n\t\t\t\t<\/div>\n\t\t\t\t<\/div>\n\t\t\t\t\t<\/div>\n\t\t\t\t<\/div>\n\t\t<div class=\"elementor-element elementor-element-8c3646b e-grid e-con-boxed e-con e-parent\" data-id=\"8c3646b\" data-element_type=\"container\" data-e-type=\"container\" data-settings=\"{&quot;background_background&quot;:&quot;classic&quot;}\">\n\t\t\t\t\t<div class=\"e-con-inner\">\n\t\t<div class=\"elementor-element elementor-element-e6744b7 e-con-full e-flex e-con e-child\" data-id=\"e6744b7\" data-element_type=\"container\" data-e-type=\"container\">\n\t\t\t\t<div class=\"elementor-element elementor-element-26cc869 elementor-cta--layout-image-above elementor-cta--valign-middle elementor-cta--tablet-layout-image-above elementor-widget-tablet__width-initial elementor-widget-mobile__width-inherit elementor-cta--skin-classic elementor-animated-content elementor-bg-transform elementor-bg-transform-zoom-in elementor-invisible elementor-widget elementor-widget-call-to-action\" data-id=\"26cc869\" data-element_type=\"widget\" data-e-type=\"widget\" data-settings=\"{&quot;_animation&quot;:&quot;fadeInUp&quot;}\" data-widget_type=\"call-to-action.default\">\n\t\t\t\t<div class=\"elementor-widget-container\">\n\t\t\t\t\t\t\t<div class=\"elementor-cta\">\n\t\t\t\t\t<div class=\"elementor-cta__bg-wrapper\">\n\t\t\t\t<div class=\"elementor-cta__bg elementor-bg\" style=\"background-image: url(https://spcdn.shortpixel.ai/spio/ret_img,q_cdnize,to_auto,s_webp:avif/xalarexperiences.com/wp-content/uploads/2025/02/Xalar9-scaled.jpg);\" role=\"img\" aria-label=\"Xalar9\"><\/div>\n\t\t\t\t<div class=\"elementor-cta__bg-overlay\"><\/div>\n\t\t\t<\/div>\n\t\t\t\t\t\t\t<div class=\"elementor-cta__content\">\n\t\t\t\t\n\t\t\t\t\t\t\t\t\t<h3 class=\"elementor-cta__title elementor-cta__content-item elementor-content-item\">\n\t\t\t\t\t\tCalidad\t\t\t\t\t<\/h3>\n\t\t\t\t\n\t\t\t\t\t\t\t\t\t<div class=\"elementor-cta__description elementor-cta__content-item elementor-content-item\">\n\t\t\t\t\t\t<p style=\"text-align: justify\">Trabajamos con est\u00e1ndares de calidad y nos asociamos con empresas locales para ofrecerle el mejor producto y servicio del territorio, garantizando experiencias \u00fanicas y exclusivas.<span style=\"color: var( --e-global-color-636c339 );text-align: left;font-family: var( --e-global-typography-text-font-family ), Sans-serif;font-weight: var( --e-global-typography-text-font-weight );letter-spacing: var( --e-global-typography-text-letter-spacing );text-transform: var( --e-global-typography-text-text-transform )\"><\/span><\/p>\t\t\t\t\t<\/div>\n\t\t\t\t\n\t\t\t\t\t\t\t<\/div>\n\t\t\t\t\t\t<\/div>\n\t\t\t\t\t\t<\/div>\n\t\t\t\t<\/div>\n\t\t\t\t<\/div>\n\t\t\t\t<div class=\"elementor-element elementor-element-8f73e89 elementor-cta--layout-image-above elementor-cta--valign-middle elementor-cta--tablet-layout-image-above elementor-widget-tablet__width-initial elementor-widget-mobile__width-inherit elementor-widget__width-inherit elementor-cta--skin-classic elementor-animated-content elementor-bg-transform elementor-bg-transform-zoom-in elementor-invisible elementor-widget elementor-widget-call-to-action\" data-id=\"8f73e89\" data-element_type=\"widget\" data-e-type=\"widget\" data-settings=\"{&quot;_animation&quot;:&quot;fadeInUp&quot;}\" data-widget_type=\"call-to-action.default\">\n\t\t\t\t<div class=\"elementor-widget-container\">\n\t\t\t\t\t\t\t<div class=\"elementor-cta\">\n\t\t\t\t\t<div class=\"elementor-cta__bg-wrapper\">\n\t\t\t\t<div class=\"elementor-cta__bg elementor-bg\" style=\"background-image: url(https://spcdn.shortpixel.ai/spio/ret_img,q_cdnize,to_auto,s_webp:avif/xalarexperiences.com/wp-content/uploads/2025/02/Xalar1-scaled.jpg);\" role=\"img\" aria-label=\"Xalar1\"><\/div>\n\t\t\t\t<div class=\"elementor-cta__bg-overlay\"><\/div>\n\t\t\t<\/div>\n\t\t\t\t\t\t\t<div class=\"elementor-cta__content\">\n\t\t\t\t\n\t\t\t\t\t\t\t\t\t<h3 class=\"elementor-cta__title elementor-cta__content-item elementor-content-item\">\n\t\t\t\t\t\tSostenibilidad\t\t\t\t\t<\/h3>\n\t\t\t\t\n\t\t\t\t\t\t\t\t\t<div class=\"elementor-cta__description elementor-cta__content-item elementor-content-item\">\n\t\t\t\t\t\t<p style=\"text-align: justify\">Impulsamos la colaboraci\u00f3n entre negocios del territorio para crear una red local capaz de vivir de sus pasiones y respetando siempre el entorno y el paisaje del territorio.<span style=\"color: var( --e-global-color-636c339 );text-align: left;font-family: var( --e-global-typography-text-font-family ), Sans-serif;font-weight: var( --e-global-typography-text-font-weight );letter-spacing: var( --e-global-typography-text-letter-spacing );text-transform: var( --e-global-typography-text-text-transform )\"><\/span><\/p>\t\t\t\t\t<\/div>\n\t\t\t\t\n\t\t\t\t\t\t\t<\/div>\n\t\t\t\t\t\t<\/div>\n\t\t\t\t\t\t<\/div>\n\t\t\t\t<\/div>\n\t\t\t\t<div class=\"elementor-element elementor-element-6a6ea25 elementor-cta--layout-image-above elementor-cta--valign-middle elementor-cta--tablet-layout-image-above elementor-widget-tablet__width-initial elementor-widget-mobile__width-inherit elementor-cta--skin-classic elementor-animated-content elementor-bg-transform elementor-bg-transform-zoom-in elementor-invisible elementor-widget elementor-widget-call-to-action\" data-id=\"6a6ea25\" data-element_type=\"widget\" data-e-type=\"widget\" data-settings=\"{&quot;_animation&quot;:&quot;fadeInUp&quot;}\" data-widget_type=\"call-to-action.default\">\n\t\t\t\t<div class=\"elementor-widget-container\">\n\t\t\t\t\t\t\t<div class=\"elementor-cta\">\n\t\t\t\t\t<div class=\"elementor-cta__bg-wrapper\">\n\t\t\t\t<div class=\"elementor-cta__bg elementor-bg\" style=\"background-image: url(https://spcdn.shortpixel.ai/spio/ret_img,q_cdnize,to_auto,s_webp:avif/xalarexperiences.com/wp-content/uploads/2025/02/Xalar19-scaled.jpg);\" role=\"img\" aria-label=\"Xalar19\"><\/div>\n\t\t\t\t<div class=\"elementor-cta__bg-overlay\"><\/div>\n\t\t\t<\/div>\n\t\t\t\t\t\t\t<div class=\"elementor-cta__content\">\n\t\t\t\t\n\t\t\t\t\t\t\t\t\t<h3 class=\"elementor-cta__title elementor-cta__content-item elementor-content-item\">\n\t\t\t\t\t\tSensibilidad\t\t\t\t\t<\/h3>\n\t\t\t\t\n\t\t\t\t\t\t\t\t\t<div class=\"elementor-cta__description elementor-cta__content-item elementor-content-item\">\n\t\t\t\t\t\t<p style=\"text-align: justify\">Escuchamos para percibir las necesidades personales intentando transmitir la pasi\u00f3n por nuestro entorno y cultura, enamorando a cualquiera del Empord\u00e0.<br><\/p>\t\t\t\t\t<\/div>\n\t\t\t\t\n\t\t\t\t\t\t\t<\/div>\n\t\t\t\t\t\t<\/div>\n\t\t\t\t\t\t<\/div>\n\t\t\t\t<\/div>\n\t\t\t\t\t<\/div>\n\t\t\t\t<\/div>\n\t\t\t\t<\/div>\n\t\t","protected":false},"excerpt":{"rendered":"<p>Acerca de Nosotros Creando experiencias \u201cXalar\u201d, una expresi\u00f3n arraigada en el Empord\u00e0 que se utiliza para describir un momento de alegr\u00eda y felicidad, pero al mismo tiempo denota y recuerda vivencias extraordinarias. Seleccionamos cuidadosa y personalmente cada peque\u00f1o detalle de tus vacaciones para que disfrutes del Empord\u00e0 en la tu modo a trav\u00e9s de experiencias [&hellip;]<\/p>\n","protected":false},"author":1,"featured_media":0,"parent":0,"menu_order":0,"comment_status":"closed","ping_status":"closed","template":"elementor_header_footer","meta":{"_exactmetrics_skip_tracking":false,"_exactmetrics_sitenote_active":false,"_exactmetrics_sitenote_note":"","_exactmetrics_sitenote_category":0,"footnotes":""},"class_list":["post-4359","page","type-page","status-publish","hentry"],"_links":{"self":[{"href":"https:\/\/xalarexperiences.com\/es\/wp-json\/wp\/v2\/pages\/4359","targetHints":{"allow":["GET"]}}],"collection":[{"href":"https:\/\/xalarexperiences.com\/es\/wp-json\/wp\/v2\/pages"}],"about":[{"href":"https:\/\/xalarexperiences.com\/es\/wp-json\/wp\/v2\/types\/page"}],"author":[{"embeddable":true,"href":"https:\/\/xalarexperiences.com\/es\/wp-json\/wp\/v2\/users\/1"}],"replies":[{"embeddable":true,"href":"https:\/\/xalarexperiences.com\/es\/wp-json\/wp\/v2\/comments?post=4359"}],"version-history":[{"count":3,"href":"https:\/\/xalarexperiences.com\/es\/wp-json\/wp\/v2\/pages\/4359\/revisions"}],"predecessor-version":[{"id":5476,"href":"https:\/\/xalarexperiences.com\/es\/wp-json\/wp\/v2\/pages\/4359\/revisions\/5476"}],"wp:attachment":[{"href":"https:\/\/xalarexperiences.com\/es\/wp-json\/wp\/v2\/media?parent=4359"}],"curies":[{"name":"wp","href":"https:\/\/api.w.org\/{rel}","templated":true}]}}