{"id":4356,"date":"2024-12-12T08:47:05","date_gmt":"2024-12-12T08:47:05","guid":{"rendered":"https:\/\/xalarexperiences.com\/inicio\/"},"modified":"2026-01-27T09:02:49","modified_gmt":"2026-01-27T09:02:49","slug":"inicio","status":"publish","type":"page","link":"https:\/\/xalarexperiences.com\/es\/","title":{"rendered":"Inicio"},"content":{"rendered":"\t\t<div data-elementor-type=\"wp-page\" data-elementor-id=\"4356\" class=\"elementor elementor-4356 elementor-198\" data-elementor-post-type=\"page\">\n\t\t\t\t\t\t<section class=\"elementor-section elementor-top-section elementor-element elementor-element-10060858 elementor-section-full_width elementor-section-height-default elementor-section-height-default\" data-id=\"10060858\" data-element_type=\"section\" data-e-type=\"section\" data-no-optimize=\"\">\n\t\t\t\t\t\t<div class=\"elementor-container elementor-column-gap-default\">\n\t\t\t\t\t<div class=\"elementor-column elementor-col-100 elementor-top-column elementor-element elementor-element-5c8d02e1\" data-id=\"5c8d02e1\" data-element_type=\"column\" data-e-type=\"column\">\n\t\t\t<div class=\"elementor-widget-wrap elementor-element-populated\">\n\t\t\t\t\t\t<div class=\"elementor-element elementor-element-7df9af18 elementor-widget elementor-widget-flex-slider\" data-id=\"7df9af18\" data-element_type=\"widget\" data-e-type=\"widget\" data-widget_type=\"flex-slider.default\">\n\t\t\t\t<div class=\"elementor-widget-container\">\n\t\t\t\t\t\t\t\t<div class=\"flexslider directionnav-show \" data-height=\"929\" data-height_tablet=\"600\" data-height_mobile=\"600\" data-animation_images=\"\" data-autoplay=\"true\" data-slideshowSpeed=\"3000\" data-directionnav=\"true\" data-controlnav=\"\" data-prevtext=\"fa fa-arrow-left\" data-nexttext=\"fa fa-arrow-right\">\r\n\t\t\t\t<ul class=\"slides\">\r\n\t\t\t\t\t<li class=\"item-slide\">\r\n\t\t\t\t\t\t\t\t\t<div class=\"bgimg \" style=\"background-image:url(https://spcdn.shortpixel.ai/spio/ret_img,q_cdnize,to_auto,s_webp:avif/xalarexperiences.com/wp-content/uploads/2025/02/Xalar18-3-scaled.jpg); background-size: cover; background-position: 50%;\"><\/div>\r\n\t\t\t\t\t\t\t\t\t<div class=\"overlay\" style=\"background:#000000BF\"><\/div>\r\n\t\t\t\t\t\t\t\t\t\r\n\t\t\t\t\t\t\t\t\t<div class=\"flex_caption container\">\r\n\t\t                        \t\t\r\n\t\t                        \t\t<h1 class=\"title captionDelay6 fromTop\"><a href=\"https:\/\/xalarexperiences.com\/es\/experiencias-b2c\/\" target=\"_blank\" rel=\"noopener noreferrer\">Servicios Personalizados<\/a><\/h1>\r\n\t\t                        \t\t<p class=\"desc captionDelay2 fromTop\">Desde Xalar te ofrecemos la posibilidad de enriquecer tu estancia en el Empord\u00e0 | Costa Brava con profesionales de primer nivel, preparados para cubrir cualquier deseo que pueda surgir.<\/p>\r\n\t\t                        \t\t<ul class=\"button-group\"> <li class=\" fromTop\">\r\n\t\t\t\t\t\t\t\t<a href=\"https:\/\/xalarexperiences.com\/empreses-b2b\/\" class=\"button-one elementor-repeater-item-5828d3d\">\r\n\t\t\t\t\t\t\t\t\tLlegeix M\u00e9s <span class=\"btn-icon-right\"><\/span>\r\n\t\t\t\t\t\t\t\t<\/a>\r\n\t\t\t\t\t\t\t<\/li><\/ul>\r\n\t\t\t\t                    <\/div>\t                    \r\n\t\t\t\t                    \r\n\t\t\t\t\t\t\t\t<\/li><li class=\"item-slide\">\r\n\t\t\t\t\t\t\t\t\t<div class=\"bgimg \" style=\"background-image:url(https://spcdn.shortpixel.ai/spio/ret_img,q_cdnize,to_auto,s_webp:avif/xalarexperiences.com/wp-content/uploads/2025/02/Xalar7-1-scaled.jpg); background-size: cover; background-position: 50%;\"><\/div>\r\n\t\t\t\t\t\t\t\t\t<div class=\"overlay\" style=\"background:#000000BF\"><\/div>\r\n\t\t\t\t\t\t\t\t\t\r\n\t\t\t\t\t\t\t\t\t<div class=\"flex_caption container\">\r\n\t\t                        \t\t\r\n\t\t                        \t\t<h1 class=\"title captionDelay6 fromTop\"><a href=\"https:\/\/xalarexperiences.com\/es\/experiencias-b2c\/#experiencies-mida\" target=\"_blank\" rel=\"noopener noreferrer\">Experiencias a medida<\/a><\/h1>\r\n\t\t                        \t\t<p class=\"desc captionDelay2 fromTop\">Nuestros itinerarios personalizados se centran en superar tus expectativas, creando recuerdos duraderos y experiencias enriquecedoras. Con un fuerte \u00e9nfasis en la excelencia, buscamos ofrecer experiencias transformadoras que reflejen la verdadera esencia de la regi\u00f3n.<\/p>\r\n\t\t                        \t\t<ul class=\"button-group\"> <li class=\" fromTop\">\r\n\t\t\t\t\t\t\t\t<a href=\"https:\/\/xalarexperiences.com\/empreses-b2b\/\" class=\"button-one elementor-repeater-item-5828d3d\">\r\n\t\t\t\t\t\t\t\t\tLlegeix M\u00e9s <span class=\"btn-icon-right\"><\/span>\r\n\t\t\t\t\t\t\t\t<\/a>\r\n\t\t\t\t\t\t\t<\/li><\/ul>\r\n\t\t\t\t                    <\/div>\t                    \r\n\t\t\t\t                    \r\n\t\t\t\t\t\t\t\t<\/li><li class=\"item-slide\">\r\n\t\t\t\t\t\t\t\t\t<div class=\"bgimg \" style=\"background-image:url(https://spcdn.shortpixel.ai/spio/ret_img,q_cdnize,to_auto,s_webp:avif/xalarexperiences.com/wp-content/uploads/2025/02/GOLF-2-1-scaled.jpg); background-size: cover; background-position: 50%;\"><\/div>\r\n\t\t\t\t\t\t\t\t\t<div class=\"overlay\" style=\"background:#00000094\"><\/div>\r\n\t\t\t\t\t\t\t\t\t\r\n\t\t\t\t\t\t\t\t\t<div class=\"flex_caption container\">\r\n\t\t                        \t\t\r\n\t\t                        \t\t<h1 class=\"title captionDelay6 fromTop\"><a href=\"https:\/\/xalarexperiences.com\/es\/experiencias-b2c\/#experiencies-esportives\" target=\"_blank\" rel=\"noopener noreferrer\">\nExperiencias deportivas y de bienestar\n<\/a><\/h1>\r\n\t\t                        \t\t<p class=\"desc captionDelay2 fromTop\">Te proponemos conectar con la naturaleza y cuidar tu cuerpo y mente a trav\u00e9s de experiencias deportivas y de bienestar exclusivas. Desde stages de golf, retiros de yoga, mindfulness y spa, hasta actividades de ciclismo y senderismo en entornos espectaculares, complementadas con opciones gastron\u00f3micas locales para dise\u00f1ar momentos \u00fanicos que equilibran deporte y relajaci\u00f3n en el coraz\u00f3n del Empord\u00e0.<\/p>\r\n\t\t                        \t\t<ul class=\"button-group\"> <li class=\" fromTop\">\r\n\t\t\t\t\t\t\t\t<a href=\"https:\/\/xalarexperiences.com\/empreses-b2b\/\" class=\"button-one elementor-repeater-item-5828d3d\">\r\n\t\t\t\t\t\t\t\t\tLlegeix M\u00e9s <span class=\"btn-icon-right\"><\/span>\r\n\t\t\t\t\t\t\t\t<\/a>\r\n\t\t\t\t\t\t\t<\/li><\/ul>\r\n\t\t\t\t                    <\/div>\t                    \r\n\t\t\t\t                    \r\n\t\t\t\t\t\t\t\t<\/li><li class=\"item-slide\">\r\n\t\t\t\t\t\t\t\t\t<div class=\"bgimg \" style=\"background-image:url(https://spcdn.shortpixel.ai/spio/ret_img,q_cdnize,to_auto,s_webp:avif/xalarexperiences.com/wp-content/uploads/2025/01/pexels-fauxels-3183172-scaled.jpg); background-size: cover; background-position: 50%;\"><\/div>\r\n\t\t\t\t\t\t\t\t\t<div class=\"overlay\" style=\"background:#00000094\"><\/div>\r\n\t\t\t\t\t\t\t\t\t\r\n\t\t\t\t\t\t\t\t\t<div class=\"flex_caption container\">\r\n\t\t                        \t\t\r\n\t\t                        \t\t<h1 class=\"title captionDelay6 fromTop\"><a href=\"https:\/\/xalarexperiences.com\/es\/empresas-b2b\/\" target=\"_blank\" rel=\"noopener noreferrer\">\nEmpresas\n<\/a><\/h1>\r\n\t\t                        \t\t<p class=\"desc captionDelay2 fromTop\">Xalar coordina y organiza eventos, estancias y actividades de teambuilding para empresas que desean promocionar sus productos y\/o fomentar y cultivar un buen ambiente y relaciones laborales positivas en el entorno profesional.<\/p>\r\n\t\t                        \t\t<ul class=\"button-group\"> <li class=\" fromTop\">\r\n\t\t\t\t\t\t\t\t<a href=\"https:\/\/xalarexperiences.com\/empreses-b2b\/\" class=\"button-one elementor-repeater-item-5828d3d\">\r\n\t\t\t\t\t\t\t\t\tLlegeix M\u00e9s <span class=\"btn-icon-right\"><\/span>\r\n\t\t\t\t\t\t\t\t<\/a>\r\n\t\t\t\t\t\t\t<\/li><\/ul>\r\n\t\t\t\t                    <\/div>\t                    \r\n\t\t\t\t                    \r\n\t\t\t\t\t\t\t\t<\/li><li class=\"item-slide\">\r\n\t\t\t\t\t\t\t\t\t<div class=\"bgimg \" style=\"background-image:url(https://spcdn.shortpixel.ai/spio/ret_img,q_cdnize,to_auto,s_webp:avif/xalarexperiences.com/wp-content/uploads/2025/02/eivissa-2-1.jpg); background-size: cover; background-position: 50%;\"><\/div>\r\n\t\t\t\t\t\t\t\t\t<div class=\"overlay\" style=\"background:#00000063\"><\/div>\r\n\t\t\t\t\t\t\t\t\t\r\n\t\t\t\t\t\t\t\t\t<div class=\"flex_caption container\">\r\n\t\t                        \t\t\r\n\t\t                        \t\t<h1 class=\"title captionDelay6 fromTop\"><a href=\"https:\/\/xalarexperiences.com\/es\/destinos-nacionales\/\" target=\"_blank\" rel=\"noopener noreferrer\">\nDestinos nacionales\n<\/a><\/h1>\r\n\t\t                        \t\t<p class=\"desc captionDelay2 fromTop\">Asturias \u00b7 Costa Brava \u00b7 Ibiza \u00b7 Madrid \u00b7 Marbella \u00b7 Sevilla<\/p>\r\n\t\t                        \t\t<ul class=\"button-group\"> <li class=\" fromTop\">\r\n\t\t\t\t\t\t\t\t<a href=\"https:\/\/xalarexperiences.com\/empreses-b2b\/\" class=\"button-one elementor-repeater-item-5828d3d\">\r\n\t\t\t\t\t\t\t\t\tLlegeix M\u00e9s <span class=\"btn-icon-right\"><\/span>\r\n\t\t\t\t\t\t\t\t<\/a>\r\n\t\t\t\t\t\t\t<\/li><\/ul>\r\n\t\t\t\t                    <\/div>\t                    \r\n\t\t\t\t                    \r\n\t\t\t\t\t\t\t\t<\/li><li class=\"item-slide\">\r\n\t\t\t\t\t\t\t\t\t<div class=\"bgimg \" style=\"background-image:url(https://spcdn.shortpixel.ai/spio/ret_img,q_cdnize,to_auto,s_webp:avif/xalarexperiences.com/wp-content/uploads/2025/02/costa-rica-3-1-scaled.jpg); background-size: cover; background-position: 50%;\"><\/div>\r\n\t\t\t\t\t\t\t\t\t<div class=\"overlay\" style=\"background:#00000063\"><\/div>\r\n\t\t\t\t\t\t\t\t\t\r\n\t\t\t\t\t\t\t\t\t<div class=\"flex_caption container\">\r\n\t\t                        \t\t\r\n\t\t                        \t\t<h1 class=\"title captionDelay6 fromTop\"><a href=\"https:\/\/xalarexperiences.com\/es\/destinos-internacionales\/\" target=\"_blank\" rel=\"noopener noreferrer\">\nDestinos internacionales\n<\/a><\/h1>\r\n\t\t                        \t\t<p class=\"desc captionDelay2 fromTop\">Argentina \u00b7 Costa Rica \u00b7 Emiratos \u00c1rabes \u00b7 La Toscana \u00b7 Nueva Zelanda \u00b7 Riviera Maya<\/p>\r\n\t\t                        \t\t<ul class=\"button-group\"> <li class=\" fromTop\">\r\n\t\t\t\t\t\t\t\t<a href=\"https:\/\/xalarexperiences.com\/empreses-b2b\/\" class=\"button-one elementor-repeater-item-5828d3d\">\r\n\t\t\t\t\t\t\t\t\tLlegeix M\u00e9s <span class=\"btn-icon-right\"><\/span>\r\n\t\t\t\t\t\t\t\t<\/a>\r\n\t\t\t\t\t\t\t<\/li><\/ul>\r\n\t\t\t\t                    <\/div>\t                    \r\n\t\t\t\t                    \r\n\t\t\t\t\t\t\t\t<\/li><li class=\"item-slide\">\r\n\t\t\t\t\t\t\t\t\t<div class=\"bgimg \" style=\"background-image:url(https://spcdn.shortpixel.ai/spio/ret_img,q_cdnize,to_auto,s_webp:avif/xalarexperiences.com/wp-content/uploads/2025/02/Xalar34-2-scaled.jpg); background-size: cover; background-position: 50%;\"><\/div>\r\n\t\t\t\t\t\t\t\t\t<div class=\"overlay\" style=\"background:#000000BF\"><\/div>\r\n\t\t\t\t\t\t\t\t\t\r\n\t\t\t\t\t\t\t\t\t<div class=\"flex_caption container\">\r\n\t\t                        \t\t\r\n\t\t                        \t\t<h1 class=\"title captionDelay6 fromTop\"><a href=\"https:\/\/xalarexperiences.com\/es\/vivir-en-el-emporda\/\" target=\"_blank\" rel=\"noopener noreferrer\">\nVivir en el Empord\u00e0\n<\/a><\/h1>\r\n\t\t                        \t\t<p class=\"desc captionDelay2 fromTop\">Venta de villas y mas\u00edas exclusivas en zonas cercanas a la costa o al interior, en plena naturaleza.\nDescubre tu refugio id\u00edlico en el Empord\u00e0, desde el cual podr\u00e1s sentir la esencia del entorno desde tu propio hogar.<\/p>\r\n\t\t                        \t\t<ul class=\"button-group\"> <li class=\" fromTop\">\r\n\t\t\t\t\t\t\t\t<a href=\"https:\/\/xalarexperiences.com\/empreses-b2b\/\" class=\"button-one elementor-repeater-item-5828d3d\">\r\n\t\t\t\t\t\t\t\t\tLlegeix M\u00e9s <span class=\"btn-icon-right\"><\/span>\r\n\t\t\t\t\t\t\t\t<\/a>\r\n\t\t\t\t\t\t\t<\/li><\/ul>\r\n\t\t\t\t                    <\/div>\t                    \r\n\t\t\t\t                    \r\n\t\t\t\t\t\t\t\t<\/li>\t\t\t\t<\/ul> \r\n\t\t\t<\/div>\r\n\t\t\t\t\t\t\t<\/div>\n\t\t\t\t<\/div>\n\t\t\t\t\t<\/div>\n\t\t<\/div>\n\t\t\t\t\t<\/div>\n\t\t<\/section>\n\t\t\t\t<\/div>\n\t\t","protected":false},"excerpt":{"rendered":"<p>Servicios Personalizados Desde Xalar te ofrecemos la posibilidad de enriquecer tu estancia en el Empord\u00e0 | Costa Brava con profesionales de primer nivel, preparados para cubrir cualquier deseo que pueda surgir. Llegeix M\u00e9s Experiencias a medida Nuestros itinerarios personalizados se centran en superar tus expectativas, creando recuerdos duraderos y experiencias enriquecedoras. Con un fuerte \u00e9nfasis [&hellip;]<\/p>\n","protected":false},"author":1,"featured_media":0,"parent":0,"menu_order":0,"comment_status":"closed","ping_status":"closed","template":"elementor_header_footer","meta":{"_exactmetrics_skip_tracking":false,"_exactmetrics_sitenote_active":false,"_exactmetrics_sitenote_note":"","_exactmetrics_sitenote_category":0,"footnotes":""},"class_list":["post-4356","page","type-page","status-publish","hentry"],"_links":{"self":[{"href":"https:\/\/xalarexperiences.com\/es\/wp-json\/wp\/v2\/pages\/4356","targetHints":{"allow":["GET"]}}],"collection":[{"href":"https:\/\/xalarexperiences.com\/es\/wp-json\/wp\/v2\/pages"}],"about":[{"href":"https:\/\/xalarexperiences.com\/es\/wp-json\/wp\/v2\/types\/page"}],"author":[{"embeddable":true,"href":"https:\/\/xalarexperiences.com\/es\/wp-json\/wp\/v2\/users\/1"}],"replies":[{"embeddable":true,"href":"https:\/\/xalarexperiences.com\/es\/wp-json\/wp\/v2\/comments?post=4356"}],"version-history":[{"count":3,"href":"https:\/\/xalarexperiences.com\/es\/wp-json\/wp\/v2\/pages\/4356\/revisions"}],"predecessor-version":[{"id":5749,"href":"https:\/\/xalarexperiences.com\/es\/wp-json\/wp\/v2\/pages\/4356\/revisions\/5749"}],"wp:attachment":[{"href":"https:\/\/xalarexperiences.com\/es\/wp-json\/wp\/v2\/media?parent=4356"}],"curies":[{"name":"wp","href":"https:\/\/api.w.org\/{rel}","templated":true}]}}